{"id":30443,"date":"2024-02-01T11:56:39","date_gmt":"2024-02-01T10:56:39","guid":{"rendered":"https:\/\/froiz.es\/os-nosos-centros\/"},"modified":"2024-02-06T13:49:18","modified_gmt":"2024-02-06T12:49:18","slug":"os-nosos-centros","status":"publish","type":"page","link":"https:\/\/froiz.es\/gl\/os-nosos-centros\/","title":{"rendered":"Os nosos centros"},"content":{"rendered":"\t\t<div data-elementor-type=\"wp-page\" data-elementor-id=\"30443\" class=\"elementor elementor-30443 elementor-30438\" data-elementor-post-type=\"page\">\n\t\t\t\t<div class=\"elementor-element elementor-element-9551d51 e-flex e-con-boxed e-con e-parent\" data-id=\"9551d51\" data-element_type=\"container\">\n\t\t\t\t\t<div class=\"e-con-inner\">\n\t\t\t\t<div class=\"elementor-element elementor-element-8aad57c elementor-widget elementor-widget-heading\" data-id=\"8aad57c\" data-element_type=\"widget\" data-widget_type=\"heading.default\">\n\t\t\t\t<div class=\"elementor-widget-container\">\n\t\t\t\t\t<h2 class=\"elementor-heading-title elementor-size-default\">Os nosos centros<\/h2>\t\t\t\t<\/div>\n\t\t\t\t<\/div>\n\t\t\t\t<div class=\"elementor-element elementor-element-909a679 elementor-widget elementor-widget-text-editor\" data-id=\"909a679\" data-element_type=\"widget\" data-widget_type=\"text-editor.default\">\n\t\t\t\t<div class=\"elementor-widget-container\">\n\t\t\t\t\t\t\t\t\t<p><span style=\"font-weight: 400;\">Un dos obxectivos constantes da empresa \u00e9 a renovaci\u00f3n dos puntos de venda para crear unha boa experiencia de compra para os clientes e centros c\u00f3modos e modernos para os traballadores.&nbsp;<\/span><span style=\"color: var( --e-global-color-text ); font-family: var( --e-global-typography-text-font-family ), Sans-serif; font-size: var( --e-global-typography-text-font-size ); text-align: var(--text-align);\">Se aposta por materiais de calidade e novas tecnolox\u00edas para&nbsp;<\/span><span style=\"color: var( --e-global-color-text ); font-family: var( --e-global-typography-text-font-family ), Sans-serif; font-size: var( --e-global-typography-text-font-size ); text-align: var(--text-align);\">dar resposta \u00e1s novas demandas e preferencias de consumo.<\/span><span style=\"color: var( --e-global-color-text ); font-family: var( --e-global-typography-text-font-family ), Sans-serif; font-size: var( --e-global-typography-text-font-size ); font-weight: var( --e-global-typography-text-font-weight ); text-align: var(--text-align);\"> <\/span><span style=\"color: var( --e-global-color-text ); font-family: var( --e-global-typography-text-font-family ), Sans-serif; font-size: var( --e-global-typography-text-font-size ); text-align: var(--text-align);\">C\u00f3idanse os espazos a nivel mobiliario, equipamentos de frio, arquitectura, decoraci\u00f3n e se\u00f1al\u00e9tica, e mell\u00f3rase a exposici\u00f3n dos produtos frescos e refrixerados. Apl\u00edcanse novas tecnolox\u00edas ao momento de venda como son o a s\u00faa quenda electr\u00f3nica, wifi gratu\u00edta, caixas r\u00e1pidas, pantallas led e balanzas dixitais.<\/span><\/p>\n<p><span style=\"font-weight: 400;\">Froiz aposta polo&nbsp;<\/span><a href=\"https:\/\/froiz.es\/gl\/instalacions-eco-eficientes\/\" target=\"_blank\">aforro enerx\u00e9tico nas s\u00faas instalaci\u00f3ns<\/a><span style=\"font-weight: 400;\">, polo que as \u00faltimas aperturas e reformas xa incorporan innovaci\u00f3ns en climatizaci\u00f3n e refrixeraci\u00f3n. <\/span><span style=\"font-weight: 400;\">Todos os materiais empregados no acondicionamento, a iluminaci\u00f3n e a climatizaci\u00f3n de locais son eco-eficientes polo que se consegue un consumo enerx\u00e9tico inferior a unha tenda convencional.&nbsp;<\/span><\/p>\t\t\t\t\t\t\t\t<\/div>\n\t\t\t\t<\/div>\n\t\t\t\t\t<\/div>\n\t\t\t\t<\/div>\n\t\t<div class=\"elementor-element elementor-element-b16a0a7 e-flex e-con-boxed e-con e-parent\" data-id=\"b16a0a7\" data-element_type=\"container\">\n\t\t\t\t\t<div class=\"e-con-inner\">\n\t\t\t\t<div class=\"elementor-element elementor-element-cefda1b elementor-arrows-position-inside elementor-pagination-position-outside elementor-widget elementor-widget-image-carousel\" data-id=\"cefda1b\" data-element_type=\"widget\" data-settings=\"{&quot;slides_to_show&quot;:&quot;1&quot;,&quot;navigation&quot;:&quot;both&quot;,&quot;autoplay&quot;:&quot;yes&quot;,&quot;pause_on_hover&quot;:&quot;yes&quot;,&quot;pause_on_interaction&quot;:&quot;yes&quot;,&quot;autoplay_speed&quot;:5000,&quot;infinite&quot;:&quot;yes&quot;,&quot;effect&quot;:&quot;slide&quot;,&quot;speed&quot;:500}\" data-widget_type=\"image-carousel.default\">\n\t\t\t\t<div class=\"elementor-widget-container\">\n\t\t\t\t\t\t\t<div class=\"elementor-image-carousel-wrapper swiper\" role=\"region\" aria-roledescription=\"carousel\" aria-label=\"Carrusel de imaxes\" dir=\"ltr\">\n\t\t\t<div class=\"elementor-image-carousel swiper-wrapper\" aria-live=\"off\">\n\t\t\t\t\t\t\t\t<div class=\"swiper-slide\" role=\"group\" aria-roledescription=\"slide\" aria-label=\"1 de 19\"><figure class=\"swiper-slide-inner\"><img decoding=\"async\" class=\"swiper-slide-image\" src=\"https:\/\/froiz.es\/wp-content\/uploads\/2024\/02\/1-1-1-768x512.jpg\" alt=\"1 (1)\" \/><\/figure><\/div><div class=\"swiper-slide\" role=\"group\" aria-roledescription=\"slide\" aria-label=\"2 de 19\"><figure class=\"swiper-slide-inner\"><img decoding=\"async\" class=\"swiper-slide-image\" src=\"https:\/\/froiz.es\/wp-content\/uploads\/2024\/02\/1-2-768x512.jpg\" alt=\"1 (2)\" \/><\/figure><\/div><div class=\"swiper-slide\" role=\"group\" aria-roledescription=\"slide\" aria-label=\"3 de 19\"><figure class=\"swiper-slide-inner\"><img decoding=\"async\" class=\"swiper-slide-image\" src=\"https:\/\/froiz.es\/wp-content\/uploads\/2024\/02\/1-3-768x512.jpg\" alt=\"1 (3)\" \/><\/figure><\/div><div class=\"swiper-slide\" role=\"group\" aria-roledescription=\"slide\" aria-label=\"4 de 19\"><figure class=\"swiper-slide-inner\"><img decoding=\"async\" class=\"swiper-slide-image\" src=\"https:\/\/froiz.es\/wp-content\/uploads\/2024\/02\/1-4-768x512.jpg\" alt=\"1 (4)\" \/><\/figure><\/div><div class=\"swiper-slide\" role=\"group\" aria-roledescription=\"slide\" aria-label=\"5 de 19\"><figure class=\"swiper-slide-inner\"><img decoding=\"async\" class=\"swiper-slide-image\" src=\"https:\/\/froiz.es\/wp-content\/uploads\/2024\/02\/1-5-768x512.jpg\" alt=\"1 (5)\" \/><\/figure><\/div><div class=\"swiper-slide\" role=\"group\" aria-roledescription=\"slide\" aria-label=\"6 de 19\"><figure class=\"swiper-slide-inner\"><img decoding=\"async\" class=\"swiper-slide-image\" src=\"https:\/\/froiz.es\/wp-content\/uploads\/2024\/02\/1-6-768x512.jpg\" alt=\"1 (6)\" \/><\/figure><\/div><div class=\"swiper-slide\" role=\"group\" aria-roledescription=\"slide\" aria-label=\"7 de 19\"><figure class=\"swiper-slide-inner\"><img decoding=\"async\" class=\"swiper-slide-image\" src=\"https:\/\/froiz.es\/wp-content\/uploads\/2024\/02\/1-7-768x512.jpg\" alt=\"1 (7)\" \/><\/figure><\/div><div class=\"swiper-slide\" role=\"group\" aria-roledescription=\"slide\" aria-label=\"8 de 19\"><figure class=\"swiper-slide-inner\"><img decoding=\"async\" class=\"swiper-slide-image\" src=\"https:\/\/froiz.es\/wp-content\/uploads\/2024\/02\/1-8-768x512.jpg\" alt=\"1 (8)\" \/><\/figure><\/div><div class=\"swiper-slide\" role=\"group\" aria-roledescription=\"slide\" aria-label=\"9 de 19\"><figure class=\"swiper-slide-inner\"><img decoding=\"async\" class=\"swiper-slide-image\" src=\"https:\/\/froiz.es\/wp-content\/uploads\/2024\/02\/1-9-768x512.jpg\" alt=\"1 (9)\" \/><\/figure><\/div><div class=\"swiper-slide\" role=\"group\" aria-roledescription=\"slide\" aria-label=\"10 de 19\"><figure class=\"swiper-slide-inner\"><img decoding=\"async\" class=\"swiper-slide-image\" src=\"https:\/\/froiz.es\/wp-content\/uploads\/2024\/02\/1-10-768x512.jpg\" alt=\"1 (10)\" \/><\/figure><\/div><div class=\"swiper-slide\" role=\"group\" aria-roledescription=\"slide\" aria-label=\"11 de 19\"><figure class=\"swiper-slide-inner\"><img decoding=\"async\" class=\"swiper-slide-image\" src=\"https:\/\/froiz.es\/wp-content\/uploads\/2024\/02\/1-11-768x512.jpg\" alt=\"1 (11)\" \/><\/figure><\/div><div class=\"swiper-slide\" role=\"group\" aria-roledescription=\"slide\" aria-label=\"12 de 19\"><figure class=\"swiper-slide-inner\"><img decoding=\"async\" class=\"swiper-slide-image\" src=\"https:\/\/froiz.es\/wp-content\/uploads\/2024\/02\/1-12-768x512.jpg\" alt=\"1 (12)\" \/><\/figure><\/div><div class=\"swiper-slide\" role=\"group\" aria-roledescription=\"slide\" aria-label=\"13 de 19\"><figure class=\"swiper-slide-inner\"><img decoding=\"async\" class=\"swiper-slide-image\" src=\"https:\/\/froiz.es\/wp-content\/uploads\/2024\/02\/1-13-768x512.jpg\" alt=\"1 (13)\" \/><\/figure><\/div><div class=\"swiper-slide\" role=\"group\" aria-roledescription=\"slide\" aria-label=\"14 de 19\"><figure class=\"swiper-slide-inner\"><img decoding=\"async\" class=\"swiper-slide-image\" src=\"https:\/\/froiz.es\/wp-content\/uploads\/2024\/02\/1-14-768x512.jpg\" alt=\"1 (14)\" \/><\/figure><\/div><div class=\"swiper-slide\" role=\"group\" aria-roledescription=\"slide\" aria-label=\"15 de 19\"><figure class=\"swiper-slide-inner\"><img decoding=\"async\" class=\"swiper-slide-image\" src=\"https:\/\/froiz.es\/wp-content\/uploads\/2024\/02\/1-15-768x512.jpg\" alt=\"1 (15)\" \/><\/figure><\/div><div class=\"swiper-slide\" role=\"group\" aria-roledescription=\"slide\" aria-label=\"16 de 19\"><figure class=\"swiper-slide-inner\"><img decoding=\"async\" class=\"swiper-slide-image\" src=\"https:\/\/froiz.es\/wp-content\/uploads\/2024\/02\/1-16-768x512.jpg\" alt=\"1 (16)\" \/><\/figure><\/div><div class=\"swiper-slide\" role=\"group\" aria-roledescription=\"slide\" aria-label=\"17 de 19\"><figure class=\"swiper-slide-inner\"><img decoding=\"async\" class=\"swiper-slide-image\" src=\"https:\/\/froiz.es\/wp-content\/uploads\/2024\/02\/1-17-768x512.jpg\" alt=\"1 (17)\" \/><\/figure><\/div><div class=\"swiper-slide\" role=\"group\" aria-roledescription=\"slide\" aria-label=\"18 de 19\"><figure class=\"swiper-slide-inner\"><img decoding=\"async\" class=\"swiper-slide-image\" src=\"https:\/\/froiz.es\/wp-content\/uploads\/2024\/02\/1-18-768x512.jpg\" alt=\"1 (18)\" \/><\/figure><\/div><div class=\"swiper-slide\" role=\"group\" aria-roledescription=\"slide\" aria-label=\"19 de 19\"><figure class=\"swiper-slide-inner\"><img decoding=\"async\" class=\"swiper-slide-image\" src=\"https:\/\/froiz.es\/wp-content\/uploads\/2024\/02\/1-19-768x512.jpg\" alt=\"1 (19)\" \/><\/figure><\/div>\t\t\t<\/div>\n\t\t\t\t\t\t\t\t\t\t\t\t<div class=\"elementor-swiper-button elementor-swiper-button-prev\" role=\"button\" tabindex=\"0\">\n\t\t\t\t\t\t<i aria-hidden=\"true\" class=\"eicon-chevron-left\"><\/i>\t\t\t\t\t<\/div>\n\t\t\t\t\t<div class=\"elementor-swiper-button elementor-swiper-button-next\" role=\"button\" tabindex=\"0\">\n\t\t\t\t\t\t<i aria-hidden=\"true\" class=\"eicon-chevron-right\"><\/i>\t\t\t\t\t<\/div>\n\t\t\t\t\n\t\t\t\t\t\t\t\t\t<div class=\"swiper-pagination\"><\/div>\n\t\t\t\t\t\t\t\t\t<\/div>\n\t\t\t\t\t\t<\/div>\n\t\t\t\t<\/div>\n\t\t\t\t\t<\/div>\n\t\t\t\t<\/div>\n\t\t\t\t<\/div>\n\t\t","protected":false},"excerpt":{"rendered":"<p>Os nosos centros Un dos obxectivos constantes da empresa \u00e9 a renovaci\u00f3n dos puntos de venda para crear unha boa experiencia de compra para os clientes e centros c\u00f3modos e modernos para os traballadores.&nbsp;Se aposta por materiais de calidade e novas tecnolox\u00edas para&nbsp;dar resposta \u00e1s novas demandas e preferencias de consumo. C\u00f3idanse os espazos a [&hellip;]<\/p>\n","protected":false},"author":3,"featured_media":0,"parent":0,"menu_order":0,"comment_status":"closed","ping_status":"closed","template":"","meta":{"_acf_changed":false,"footnotes":""},"class_list":["post-30443","page","type-page","status-publish","hentry"],"acf":[],"publishpress_future_workflow_manual_trigger":{"enabledWorkflows":[]},"_links":{"self":[{"href":"https:\/\/froiz.es\/gl\/wp-json\/wp\/v2\/pages\/30443","targetHints":{"allow":["GET"]}}],"collection":[{"href":"https:\/\/froiz.es\/gl\/wp-json\/wp\/v2\/pages"}],"about":[{"href":"https:\/\/froiz.es\/gl\/wp-json\/wp\/v2\/types\/page"}],"author":[{"embeddable":true,"href":"https:\/\/froiz.es\/gl\/wp-json\/wp\/v2\/users\/3"}],"replies":[{"embeddable":true,"href":"https:\/\/froiz.es\/gl\/wp-json\/wp\/v2\/comments?post=30443"}],"version-history":[{"count":12,"href":"https:\/\/froiz.es\/gl\/wp-json\/wp\/v2\/pages\/30443\/revisions"}],"predecessor-version":[{"id":30879,"href":"https:\/\/froiz.es\/gl\/wp-json\/wp\/v2\/pages\/30443\/revisions\/30879"}],"wp:attachment":[{"href":"https:\/\/froiz.es\/gl\/wp-json\/wp\/v2\/media?parent=30443"}],"curies":[{"name":"wp","href":"https:\/\/api.w.org\/{rel}","templated":true}]}}