{"id":27118,"date":"2023-05-03T09:03:49","date_gmt":"2023-05-03T07:03:49","guid":{"rendered":"https:\/\/froiz.devhub.es\/marca-froiz\/"},"modified":"2023-06-20T15:04:28","modified_gmt":"2023-06-20T13:04:28","slug":"marca-froiz","status":"publish","type":"page","link":"https:\/\/froiz.es\/gl\/marca-froiz\/","title":{"rendered":"Marca Froiz"},"content":{"rendered":"\t\t<div data-elementor-type=\"wp-page\" data-elementor-id=\"27118\" class=\"elementor elementor-27118 elementor-7417\" data-elementor-post-type=\"page\">\n\t\t\t\t\t\t<section class=\"elementor-section elementor-top-section elementor-element elementor-element-9b231ed elementor-section-boxed elementor-section-height-default elementor-section-height-default\" data-id=\"9b231ed\" data-element_type=\"section\">\n\t\t\t\t\t\t<div class=\"elementor-container elementor-column-gap-default\">\n\t\t\t\t\t<div class=\"elementor-column elementor-col-100 elementor-top-column elementor-element elementor-element-640044d\" data-id=\"640044d\" data-element_type=\"column\">\n\t\t\t<div class=\"elementor-widget-wrap elementor-element-populated\">\n\t\t\t\t\t<div class=\"elementor-background-overlay\"><\/div>\n\t\t\t\t\t\t<div class=\"elementor-element elementor-element-e09d031 elementor-widget elementor-widget-heading\" data-id=\"e09d031\" data-element_type=\"widget\" data-widget_type=\"heading.default\">\n\t\t\t\t<div class=\"elementor-widget-container\">\n\t\t\t\t\t<h3 class=\"elementor-heading-title elementor-size-default\">GARANT\u00cdA<\/h3>\t\t\t\t<\/div>\n\t\t\t\t<\/div>\n\t\t\t\t<div class=\"elementor-element elementor-element-7966530 elementor-widget elementor-widget-heading\" data-id=\"7966530\" data-element_type=\"widget\" data-widget_type=\"heading.default\">\n\t\t\t\t<div class=\"elementor-widget-container\">\n\t\t\t\t\t<h1 class=\"elementor-heading-title elementor-size-default\">Marca FROIZ<\/h1>\t\t\t\t<\/div>\n\t\t\t\t<\/div>\n\t\t\t\t<div class=\"elementor-element elementor-element-7b0c4a7 elementor-hidden-desktop elementor-hidden-tablet elementor-hidden-mobile elementor-widget-divider--view-line elementor-widget elementor-widget-divider\" data-id=\"7b0c4a7\" data-element_type=\"widget\" data-widget_type=\"divider.default\">\n\t\t\t\t<div class=\"elementor-widget-container\">\n\t\t\t\t\t\t\t<div class=\"elementor-divider\">\n\t\t\t<span class=\"elementor-divider-separator\">\n\t\t\t\t\t\t<\/span>\n\t\t<\/div>\n\t\t\t\t\t\t<\/div>\n\t\t\t\t<\/div>\n\t\t\t\t<div class=\"elementor-element elementor-element-9a0dc0f elementor-widget elementor-widget-text-editor\" data-id=\"9a0dc0f\" data-element_type=\"widget\" data-widget_type=\"text-editor.default\">\n\t\t\t\t<div class=\"elementor-widget-container\">\n\t\t\t\t\t\t\t\t\t<p>Desde principios da d\u00e9cada dos 90, a empresa Froiz comercializa produtos coa s\u00faa propia marca. Son produtos de alta calidade fabricados por empresas de referencia no mercado. Es\u00edxense est\u00e1ndares de calidade altos coidando sempre a composici\u00f3n e as materias primas utilizadas, adapt\u00e1ndonos constantemente \u00e1s necesidades e h\u00e1bitos de consumo do cliente. Contamos cunha variedade eficiente estando presente en todas as categor\u00edas de produto.<\/p>\n\t\t\t\t\t\t\t\t<\/div>\n\t\t\t\t<\/div>\n\t\t\t\t\t<\/div>\n\t\t<\/div>\n\t\t\t\t\t<\/div>\n\t\t<\/section>\n\t\t\t\t<section class=\"elementor-section elementor-top-section elementor-element elementor-element-2adfcdb elementor-section-boxed elementor-section-height-default elementor-section-height-default\" data-id=\"2adfcdb\" data-element_type=\"section\">\n\t\t\t\t\t\t<div class=\"elementor-container elementor-column-gap-default\">\n\t\t\t\t\t<div class=\"elementor-column elementor-col-100 elementor-top-column elementor-element elementor-element-212f6ea\" data-id=\"212f6ea\" data-element_type=\"column\">\n\t\t\t<div class=\"elementor-widget-wrap elementor-element-populated\">\n\t\t\t\t\t<div class=\"elementor-background-overlay\"><\/div>\n\t\t\t\t\t\t<div class=\"elementor-element elementor-element-b1104f0 elementor-widget elementor-widget-heading\" data-id=\"b1104f0\" data-element_type=\"widget\" data-widget_type=\"heading.default\">\n\t\t\t\t<div class=\"elementor-widget-container\">\n\t\t\t\t\t<h2 class=\"elementor-heading-title elementor-size-default\">4 identificadores da marca Froiz<\/h2>\t\t\t\t<\/div>\n\t\t\t\t<\/div>\n\t\t\t\t<div class=\"elementor-element elementor-element-257d176 elementor-hidden-desktop elementor-hidden-tablet elementor-hidden-mobile elementor-widget-divider--view-line elementor-widget elementor-widget-divider\" data-id=\"257d176\" data-element_type=\"widget\" data-widget_type=\"divider.default\">\n\t\t\t\t<div class=\"elementor-widget-container\">\n\t\t\t\t\t\t\t<div class=\"elementor-divider\">\n\t\t\t<span class=\"elementor-divider-separator\">\n\t\t\t\t\t\t<\/span>\n\t\t<\/div>\n\t\t\t\t\t\t<\/div>\n\t\t\t\t<\/div>\n\t\t\t\t<section class=\"elementor-section elementor-inner-section elementor-element elementor-element-c2c23c3 elementor-section-boxed elementor-section-height-default elementor-section-height-default\" data-id=\"c2c23c3\" data-element_type=\"section\">\n\t\t\t\t\t\t<div class=\"elementor-container elementor-column-gap-extended\">\n\t\t\t\t\t<div class=\"elementor-column elementor-col-25 elementor-inner-column elementor-element elementor-element-64bc32b elementor-invisible\" data-id=\"64bc32b\" data-element_type=\"column\" data-settings=\"{&quot;animation&quot;:&quot;fadeInUp&quot;}\">\n\t\t\t<div class=\"elementor-widget-wrap elementor-element-populated\">\n\t\t\t\t\t\t<div class=\"elementor-element elementor-element-c42ecc9 elementor-widget elementor-widget-image\" data-id=\"c42ecc9\" data-element_type=\"widget\" data-widget_type=\"image.default\">\n\t\t\t\t<div class=\"elementor-widget-container\">\n\t\t\t\t\t\t\t\t\t\t\t\t\t\t\t<img fetchpriority=\"high\" decoding=\"async\" width=\"346\" height=\"348\" src=\"https:\/\/froiz.es\/wp-content\/uploads\/2023\/05\/logo-froiz.png\" class=\"attachment-large size-large wp-image-26276\" alt=\"Supermercados Froiz\" srcset=\"https:\/\/froiz.es\/wp-content\/uploads\/2023\/05\/logo-froiz.png 346w, https:\/\/froiz.es\/wp-content\/uploads\/2023\/05\/logo-froiz-298x300.png 298w, https:\/\/froiz.es\/wp-content\/uploads\/2023\/05\/logo-froiz-150x150.png 150w\" sizes=\"(max-width: 346px) 100vw, 346px\" \/>\t\t\t\t\t\t\t\t\t\t\t\t\t\t\t<\/div>\n\t\t\t\t<\/div>\n\t\t\t\t<div class=\"elementor-element elementor-element-f9240ad elementor-widget elementor-widget-text-editor\" data-id=\"f9240ad\" data-element_type=\"widget\" data-widget_type=\"text-editor.default\">\n\t\t\t\t<div class=\"elementor-widget-container\">\n\t\t\t\t\t\t\t\t\t<p class=\"qs_fecha\">FROIZ Calidade<\/p>\n\t\t\t\t\t\t\t\t<\/div>\n\t\t\t\t<\/div>\n\t\t\t\t<div class=\"elementor-element elementor-element-dda3f74 elementor-widget elementor-widget-text-editor\" data-id=\"dda3f74\" data-element_type=\"widget\" data-widget_type=\"text-editor.default\">\n\t\t\t\t<div class=\"elementor-widget-container\">\n\t\t\t\t\t\t\t\t\t<p class=\"qs_fecha\">\u00c9 a marca paraugas que integra aos produtos de alimentaci\u00f3n xeral, refrixerados, conxelados, adega e droguer\u00eda do fogar.<\/p>\n\t\t\t\t\t\t\t\t<\/div>\n\t\t\t\t<\/div>\n\t\t\t\t\t<\/div>\n\t\t<\/div>\n\t\t\t\t<div class=\"elementor-column elementor-col-25 elementor-inner-column elementor-element elementor-element-d65d9cb elementor-invisible\" data-id=\"d65d9cb\" data-element_type=\"column\" data-settings=\"{&quot;animation&quot;:&quot;fadeInUp&quot;,&quot;animation_delay&quot;:200}\">\n\t\t\t<div class=\"elementor-widget-wrap elementor-element-populated\">\n\t\t\t\t\t\t<div class=\"elementor-element elementor-element-e686e34 elementor-widget elementor-widget-image\" data-id=\"e686e34\" data-element_type=\"widget\" data-widget_type=\"image.default\">\n\t\t\t\t<div class=\"elementor-widget-container\">\n\t\t\t\t\t\t\t\t\t\t\t\t\t\t\t<img decoding=\"async\" width=\"346\" height=\"348\" src=\"https:\/\/froiz.es\/wp-content\/uploads\/2023\/05\/logo-bio-froiz.png\" class=\"attachment-large size-large wp-image-26275\" alt=\"\" srcset=\"https:\/\/froiz.es\/wp-content\/uploads\/2023\/05\/logo-bio-froiz.png 346w, https:\/\/froiz.es\/wp-content\/uploads\/2023\/05\/logo-bio-froiz-298x300.png 298w, https:\/\/froiz.es\/wp-content\/uploads\/2023\/05\/logo-bio-froiz-150x150.png 150w\" sizes=\"(max-width: 346px) 100vw, 346px\" \/>\t\t\t\t\t\t\t\t\t\t\t\t\t\t\t<\/div>\n\t\t\t\t<\/div>\n\t\t\t\t<div class=\"elementor-element elementor-element-352aa6b elementor-widget elementor-widget-text-editor\" data-id=\"352aa6b\" data-element_type=\"widget\" data-widget_type=\"text-editor.default\">\n\t\t\t\t<div class=\"elementor-widget-container\">\n\t\t\t\t\t\t\t\t\t<p class=\"qs_fecha\">Bio FROIZ<\/p>\n\t\t\t\t\t\t\t\t<\/div>\n\t\t\t\t<\/div>\n\t\t\t\t<div class=\"elementor-element elementor-element-4957526 elementor-widget elementor-widget-text-editor\" data-id=\"4957526\" data-element_type=\"widget\" data-widget_type=\"text-editor.default\">\n\t\t\t\t<div class=\"elementor-widget-container\">\n\t\t\t\t\t\t\t\t\t<p class=\"qs_fecha\">Son produtos que est\u00e1n certificados co selo de agricultura ecol\u00f3xica.<\/p>\n\t\t\t\t\t\t\t\t<\/div>\n\t\t\t\t<\/div>\n\t\t\t\t\t<\/div>\n\t\t<\/div>\n\t\t\t\t<div class=\"elementor-column elementor-col-25 elementor-inner-column elementor-element elementor-element-5cb52b9 elementor-invisible\" data-id=\"5cb52b9\" data-element_type=\"column\" data-settings=\"{&quot;animation&quot;:&quot;fadeInUp&quot;,&quot;animation_delay&quot;:400}\">\n\t\t\t<div class=\"elementor-widget-wrap elementor-element-populated\">\n\t\t\t\t\t\t<div class=\"elementor-element elementor-element-4756109 elementor-widget elementor-widget-image\" data-id=\"4756109\" data-element_type=\"widget\" data-widget_type=\"image.default\">\n\t\t\t\t<div class=\"elementor-widget-container\">\n\t\t\t\t\t\t\t\t\t\t\t\t\t\t\t<img decoding=\"async\" width=\"346\" height=\"348\" src=\"https:\/\/froiz.es\/wp-content\/uploads\/2023\/05\/logo-seleccion-froiz.png\" class=\"attachment-large size-large wp-image-26277\" alt=\"\" srcset=\"https:\/\/froiz.es\/wp-content\/uploads\/2023\/05\/logo-seleccion-froiz.png 346w, https:\/\/froiz.es\/wp-content\/uploads\/2023\/05\/logo-seleccion-froiz-298x300.png 298w, https:\/\/froiz.es\/wp-content\/uploads\/2023\/05\/logo-seleccion-froiz-150x150.png 150w\" sizes=\"(max-width: 346px) 100vw, 346px\" \/>\t\t\t\t\t\t\t\t\t\t\t\t\t\t\t<\/div>\n\t\t\t\t<\/div>\n\t\t\t\t<div class=\"elementor-element elementor-element-43f76b3 elementor-widget elementor-widget-text-editor\" data-id=\"43f76b3\" data-element_type=\"widget\" data-widget_type=\"text-editor.default\">\n\t\t\t\t<div class=\"elementor-widget-container\">\n\t\t\t\t\t\t\t\t\t<p class=\"qs_fecha\">FROIZ Selecci\u00f3n<\/p>\n\t\t\t\t\t\t\t\t<\/div>\n\t\t\t\t<\/div>\n\t\t\t\t<div class=\"elementor-element elementor-element-9565e22 elementor-widget elementor-widget-text-editor\" data-id=\"9565e22\" data-element_type=\"widget\" data-widget_type=\"text-editor.default\">\n\t\t\t\t<div class=\"elementor-widget-container\">\n\t\t\t\t\t\t\t\t\t<p class=\"qs_fecha\">\u00c9 a nosa marca para produtos con calidade extra ou gourmet.<\/p>\n\t\t\t\t\t\t\t\t<\/div>\n\t\t\t\t<\/div>\n\t\t\t\t\t<\/div>\n\t\t<\/div>\n\t\t\t\t<div class=\"elementor-column elementor-col-25 elementor-inner-column elementor-element elementor-element-9b32207 elementor-invisible\" data-id=\"9b32207\" data-element_type=\"column\" data-settings=\"{&quot;animation&quot;:&quot;fadeInUp&quot;,&quot;animation_delay&quot;:600}\">\n\t\t\t<div class=\"elementor-widget-wrap elementor-element-populated\">\n\t\t\t\t\t\t<div class=\"elementor-element elementor-element-bf451ab elementor-widget elementor-widget-image\" data-id=\"bf451ab\" data-element_type=\"widget\" data-widget_type=\"image.default\">\n\t\t\t\t<div class=\"elementor-widget-container\">\n\t\t\t\t\t\t\t\t\t\t\t\t\t\t\t<img loading=\"lazy\" decoding=\"async\" width=\"346\" height=\"348\" src=\"https:\/\/froiz.es\/wp-content\/uploads\/2023\/05\/logo-cosmetics-froiz.png\" class=\"attachment-large size-large wp-image-26278\" alt=\"\" srcset=\"https:\/\/froiz.es\/wp-content\/uploads\/2023\/05\/logo-cosmetics-froiz.png 346w, https:\/\/froiz.es\/wp-content\/uploads\/2023\/05\/logo-cosmetics-froiz-298x300.png 298w, https:\/\/froiz.es\/wp-content\/uploads\/2023\/05\/logo-cosmetics-froiz-150x150.png 150w\" sizes=\"(max-width: 346px) 100vw, 346px\" \/>\t\t\t\t\t\t\t\t\t\t\t\t\t\t\t<\/div>\n\t\t\t\t<\/div>\n\t\t\t\t<div class=\"elementor-element elementor-element-c097046 elementor-widget elementor-widget-text-editor\" data-id=\"c097046\" data-element_type=\"widget\" data-widget_type=\"text-editor.default\">\n\t\t\t\t<div class=\"elementor-widget-container\">\n\t\t\t\t\t\t\t\t\t<p class=\"qs_fecha\">FROIZ Cosmetics<\/p>\n\t\t\t\t\t\t\t\t<\/div>\n\t\t\t\t<\/div>\n\t\t\t\t<div class=\"elementor-element elementor-element-9ea9e9f elementor-widget elementor-widget-text-editor\" data-id=\"9ea9e9f\" data-element_type=\"widget\" data-widget_type=\"text-editor.default\">\n\t\t\t\t<div class=\"elementor-widget-container\">\n\t\t\t\t\t\t\t\t\t<p class=\"qs_fecha\">Para os artigos de hixiene persoal e cosm\u00e9tica.<\/p>\n\t\t\t\t\t\t\t\t<\/div>\n\t\t\t\t<\/div>\n\t\t\t\t\t<\/div>\n\t\t<\/div>\n\t\t\t\t\t<\/div>\n\t\t<\/section>\n\t\t\t\t\t<\/div>\n\t\t<\/div>\n\t\t\t\t\t<\/div>\n\t\t<\/section>\n\t\t\t\t<section class=\"elementor-section elementor-top-section elementor-element elementor-element-bdf97c1 elementor-section-boxed elementor-section-height-default elementor-section-height-default\" data-id=\"bdf97c1\" data-element_type=\"section\">\n\t\t\t\t\t\t<div class=\"elementor-container elementor-column-gap-default\">\n\t\t\t\t\t<div class=\"elementor-column elementor-col-100 elementor-top-column elementor-element elementor-element-93cc902\" data-id=\"93cc902\" data-element_type=\"column\">\n\t\t\t<div class=\"elementor-widget-wrap elementor-element-populated\">\n\t\t\t\t\t<div class=\"elementor-background-overlay\"><\/div>\n\t\t\t\t\t\t<div class=\"elementor-element elementor-element-6c5b742 elementor-hidden-mobile elementor-widget elementor-widget-image\" data-id=\"6c5b742\" data-element_type=\"widget\" data-widget_type=\"image.default\">\n\t\t\t\t<div class=\"elementor-widget-container\">\n\t\t\t\t\t\t\t\t\t\t\t\t\t\t\t<img loading=\"lazy\" decoding=\"async\" width=\"1400\" height=\"620\" src=\"https:\/\/froiz.es\/wp-content\/uploads\/2023\/05\/marca-froiz.png\" class=\"attachment-full size-full wp-image-26283\" alt=\"\" srcset=\"https:\/\/froiz.es\/wp-content\/uploads\/2023\/05\/marca-froiz.png 1400w, https:\/\/froiz.es\/wp-content\/uploads\/2023\/05\/marca-froiz-300x133.png 300w, https:\/\/froiz.es\/wp-content\/uploads\/2023\/05\/marca-froiz-1024x453.png 1024w, https:\/\/froiz.es\/wp-content\/uploads\/2023\/05\/marca-froiz-768x340.png 768w\" sizes=\"(max-width: 1400px) 100vw, 1400px\" \/>\t\t\t\t\t\t\t\t\t\t\t\t\t\t\t<\/div>\n\t\t\t\t<\/div>\n\t\t\t\t<div class=\"elementor-element elementor-element-d34e0cc elementor-hidden-desktop elementor-hidden-tablet elementor-widget elementor-widget-image\" data-id=\"d34e0cc\" data-element_type=\"widget\" data-widget_type=\"image.default\">\n\t\t\t\t<div class=\"elementor-widget-container\">\n\t\t\t\t\t\t\t\t\t\t\t\t\t\t\t<img loading=\"lazy\" decoding=\"async\" width=\"1919\" height=\"1919\" src=\"https:\/\/froiz.es\/wp-content\/uploads\/2023\/05\/marca-froiz-cuadrado.jpg\" class=\"attachment-full size-full wp-image-26284\" alt=\"\" srcset=\"https:\/\/froiz.es\/wp-content\/uploads\/2023\/05\/marca-froiz-cuadrado.jpg 1919w, https:\/\/froiz.es\/wp-content\/uploads\/2023\/05\/marca-froiz-cuadrado-300x300.jpg 300w, https:\/\/froiz.es\/wp-content\/uploads\/2023\/05\/marca-froiz-cuadrado-1024x1024.jpg 1024w, https:\/\/froiz.es\/wp-content\/uploads\/2023\/05\/marca-froiz-cuadrado-150x150.jpg 150w, https:\/\/froiz.es\/wp-content\/uploads\/2023\/05\/marca-froiz-cuadrado-768x768.jpg 768w, https:\/\/froiz.es\/wp-content\/uploads\/2023\/05\/marca-froiz-cuadrado-1536x1536.jpg 1536w\" sizes=\"(max-width: 1919px) 100vw, 1919px\" \/>\t\t\t\t\t\t\t\t\t\t\t\t\t\t\t<\/div>\n\t\t\t\t<\/div>\n\t\t\t\t\t<\/div>\n\t\t<\/div>\n\t\t\t\t\t<\/div>\n\t\t<\/section>\n\t\t\t\t<section class=\"elementor-section elementor-top-section elementor-element elementor-element-245433c elementor-hidden-mobile elementor-section-boxed elementor-section-height-default elementor-section-height-default\" data-id=\"245433c\" data-element_type=\"section\">\n\t\t\t\t\t\t<div class=\"elementor-container elementor-column-gap-default\">\n\t\t\t\t\t<div class=\"elementor-column elementor-col-100 elementor-top-column elementor-element elementor-element-c588e0f\" data-id=\"c588e0f\" data-element_type=\"column\">\n\t\t\t<div class=\"elementor-widget-wrap elementor-element-populated\">\n\t\t\t\t\t<div class=\"elementor-background-overlay\"><\/div>\n\t\t\t\t\t\t<div class=\"elementor-element elementor-element-7c1b876 elementor-widget-divider--view-line elementor-widget elementor-widget-divider\" data-id=\"7c1b876\" data-element_type=\"widget\" data-widget_type=\"divider.default\">\n\t\t\t\t<div class=\"elementor-widget-container\">\n\t\t\t\t\t\t\t<div class=\"elementor-divider\">\n\t\t\t<span class=\"elementor-divider-separator\">\n\t\t\t\t\t\t<\/span>\n\t\t<\/div>\n\t\t\t\t\t\t<\/div>\n\t\t\t\t<\/div>\n\t\t\t\t\t<\/div>\n\t\t<\/div>\n\t\t\t\t\t<\/div>\n\t\t<\/section>\n\t\t\t\t<section class=\"elementor-section elementor-top-section elementor-element elementor-element-cd85c93 elementor-section-content-middle elementor-reverse-mobile elementor-section-boxed elementor-section-height-default elementor-section-height-default\" data-id=\"cd85c93\" data-element_type=\"section\">\n\t\t\t\t\t\t<div class=\"elementor-container elementor-column-gap-default\">\n\t\t\t\t\t<div class=\"elementor-column elementor-col-66 elementor-top-column elementor-element elementor-element-0886c1f\" data-id=\"0886c1f\" data-element_type=\"column\">\n\t\t\t<div class=\"elementor-widget-wrap elementor-element-populated\">\n\t\t\t\t\t<div class=\"elementor-background-overlay\"><\/div>\n\t\t\t\t\t\t<div class=\"elementor-element elementor-element-38e9972 elementor-widget elementor-widget-heading\" data-id=\"38e9972\" data-element_type=\"widget\" data-widget_type=\"heading.default\">\n\t\t\t\t<div class=\"elementor-widget-container\">\n\t\t\t\t\t<span class=\"elementor-heading-title elementor-size-default\">CALIDAD V-LABEL<\/span>\t\t\t\t<\/div>\n\t\t\t\t<\/div>\n\t\t\t\t<div class=\"elementor-element elementor-element-7a81c1e elementor-widget elementor-widget-heading\" data-id=\"7a81c1e\" data-element_type=\"widget\" data-widget_type=\"heading.default\">\n\t\t\t\t<div class=\"elementor-widget-container\">\n\t\t\t\t\t<h2 class=\"elementor-heading-title elementor-size-default\">Marca Green&amp;Veggie<\/h2>\t\t\t\t<\/div>\n\t\t\t\t<\/div>\n\t\t\t\t<div class=\"elementor-element elementor-element-561aa59 elementor-widget elementor-widget-text-editor\" data-id=\"561aa59\" data-element_type=\"widget\" data-widget_type=\"text-editor.default\">\n\t\t\t\t<div class=\"elementor-widget-container\">\n\t\t\t\t\t\t\t\t\t<p>Creouse esta nova marca comercial para toda a gama de produtos de orixe vexetal: <strong>Green&amp;Veggie<\/strong>.<\/p>\n<p>Son produtos vexetais, elaborados con ingredientes de primeira calidade procedentes da agricultura ecol\u00f3xica. Contan co selo de calidade V-Label, te\u00f1en alto contido en prote\u00ednas, son baixos en graxas e non conte\u00f1en azucres engadidos. En total, comercializamos estas referencias: 4 burgers vexetais, croquetas de boletus, tofu, seit\u00e1n e dous loncheados a base de clara de ovo e vexetais.<\/p>\n\t\t\t\t\t\t\t\t<\/div>\n\t\t\t\t<\/div>\n\t\t\t\t\t<\/div>\n\t\t<\/div>\n\t\t\t\t<div class=\"elementor-column elementor-col-33 elementor-top-column elementor-element elementor-element-c422825\" data-id=\"c422825\" data-element_type=\"column\">\n\t\t\t<div class=\"elementor-widget-wrap elementor-element-populated\">\n\t\t\t\t\t<div class=\"elementor-background-overlay\"><\/div>\n\t\t\t\t\t\t<div class=\"elementor-element elementor-element-0767da2 elementor-widget elementor-widget-image\" data-id=\"0767da2\" data-element_type=\"widget\" data-widget_type=\"image.default\">\n\t\t\t\t<div class=\"elementor-widget-container\">\n\t\t\t\t\t\t\t\t\t\t\t\t\t\t\t<img loading=\"lazy\" decoding=\"async\" width=\"391\" height=\"254\" src=\"https:\/\/froiz.es\/wp-content\/uploads\/2023\/05\/logo-green.png\" class=\"attachment-large size-large wp-image-26279\" alt=\"\" srcset=\"https:\/\/froiz.es\/wp-content\/uploads\/2023\/05\/logo-green.png 391w, https:\/\/froiz.es\/wp-content\/uploads\/2023\/05\/logo-green-300x195.png 300w\" sizes=\"(max-width: 391px) 100vw, 391px\" \/>\t\t\t\t\t\t\t\t\t\t\t\t\t\t\t<\/div>\n\t\t\t\t<\/div>\n\t\t\t\t\t<\/div>\n\t\t<\/div>\n\t\t\t\t\t<\/div>\n\t\t<\/section>\n\t\t\t\t<section class=\"elementor-section elementor-top-section elementor-element elementor-element-98f910f elementor-section-boxed elementor-section-height-default elementor-section-height-default\" data-id=\"98f910f\" data-element_type=\"section\">\n\t\t\t\t\t\t<div class=\"elementor-container elementor-column-gap-extended\">\n\t\t\t\t\t<div class=\"elementor-column elementor-col-33 elementor-top-column elementor-element elementor-element-caf2731\" data-id=\"caf2731\" data-element_type=\"column\">\n\t\t\t<div class=\"elementor-widget-wrap elementor-element-populated\">\n\t\t\t\t\t\t<div class=\"elementor-element elementor-element-c85cc38 elementor-widget elementor-widget-image\" data-id=\"c85cc38\" data-element_type=\"widget\" data-widget_type=\"image.default\">\n\t\t\t\t<div class=\"elementor-widget-container\">\n\t\t\t\t\t\t\t\t\t\t\t\t\t\t\t<img loading=\"lazy\" decoding=\"async\" width=\"429\" height=\"374\" src=\"https:\/\/froiz.es\/wp-content\/uploads\/2023\/05\/marca-froiz-green-1.png\" class=\"attachment-large size-large wp-image-26280\" alt=\"\" srcset=\"https:\/\/froiz.es\/wp-content\/uploads\/2023\/05\/marca-froiz-green-1.png 840w, https:\/\/froiz.es\/wp-content\/uploads\/2023\/05\/marca-froiz-green-1-300x262.png 300w, https:\/\/froiz.es\/wp-content\/uploads\/2023\/05\/marca-froiz-green-1-768x670.png 768w\" sizes=\"(max-width: 429px) 100vw, 429px\" \/>\t\t\t\t\t\t\t\t\t\t\t\t\t\t\t<\/div>\n\t\t\t\t<\/div>\n\t\t\t\t\t<\/div>\n\t\t<\/div>\n\t\t\t\t<div class=\"elementor-column elementor-col-33 elementor-top-column elementor-element elementor-element-61b719b\" data-id=\"61b719b\" data-element_type=\"column\">\n\t\t\t<div class=\"elementor-widget-wrap elementor-element-populated\">\n\t\t\t\t\t\t<div class=\"elementor-element elementor-element-32ecbbb elementor-widget elementor-widget-image\" data-id=\"32ecbbb\" data-element_type=\"widget\" data-widget_type=\"image.default\">\n\t\t\t\t<div class=\"elementor-widget-container\">\n\t\t\t\t\t\t\t\t\t\t\t\t\t\t\t<img loading=\"lazy\" decoding=\"async\" width=\"429\" height=\"374\" src=\"https:\/\/froiz.es\/wp-content\/uploads\/2023\/05\/marca-froiz-green-2.png\" class=\"attachment-large size-large wp-image-26281\" alt=\"\" srcset=\"https:\/\/froiz.es\/wp-content\/uploads\/2023\/05\/marca-froiz-green-2.png 840w, https:\/\/froiz.es\/wp-content\/uploads\/2023\/05\/marca-froiz-green-2-300x262.png 300w, https:\/\/froiz.es\/wp-content\/uploads\/2023\/05\/marca-froiz-green-2-768x670.png 768w\" sizes=\"(max-width: 429px) 100vw, 429px\" \/>\t\t\t\t\t\t\t\t\t\t\t\t\t\t\t<\/div>\n\t\t\t\t<\/div>\n\t\t\t\t\t<\/div>\n\t\t<\/div>\n\t\t\t\t<div class=\"elementor-column elementor-col-33 elementor-top-column elementor-element elementor-element-761c64b\" data-id=\"761c64b\" data-element_type=\"column\">\n\t\t\t<div class=\"elementor-widget-wrap elementor-element-populated\">\n\t\t\t\t\t\t<div class=\"elementor-element elementor-element-1bc2e5d elementor-widget elementor-widget-image\" data-id=\"1bc2e5d\" data-element_type=\"widget\" data-widget_type=\"image.default\">\n\t\t\t\t<div class=\"elementor-widget-container\">\n\t\t\t\t\t\t\t\t\t\t\t\t\t\t\t<img loading=\"lazy\" decoding=\"async\" width=\"429\" height=\"374\" src=\"https:\/\/froiz.es\/wp-content\/uploads\/2023\/05\/marca-froiz-green-3.png\" class=\"attachment-large size-large wp-image-26282\" alt=\"\" srcset=\"https:\/\/froiz.es\/wp-content\/uploads\/2023\/05\/marca-froiz-green-3.png 840w, https:\/\/froiz.es\/wp-content\/uploads\/2023\/05\/marca-froiz-green-3-300x262.png 300w, https:\/\/froiz.es\/wp-content\/uploads\/2023\/05\/marca-froiz-green-3-768x670.png 768w\" sizes=\"(max-width: 429px) 100vw, 429px\" \/>\t\t\t\t\t\t\t\t\t\t\t\t\t\t\t<\/div>\n\t\t\t\t<\/div>\n\t\t\t\t\t<\/div>\n\t\t<\/div>\n\t\t\t\t\t<\/div>\n\t\t<\/section>\n\t\t\t\t<\/div>\n\t\t","protected":false},"excerpt":{"rendered":"<p>GARANT\u00cdA Marca FROIZ Desde principios da d\u00e9cada dos 90, a empresa Froiz comercializa produtos coa s\u00faa propia marca. Son produtos de alta calidade fabricados por empresas de referencia no mercado. Es\u00edxense est\u00e1ndares de calidade altos coidando sempre a composici\u00f3n e as materias primas utilizadas, adapt\u00e1ndonos constantemente \u00e1s necesidades e h\u00e1bitos de consumo do cliente. Contamos [&hellip;]<\/p>\n","protected":false},"author":1,"featured_media":0,"parent":0,"menu_order":0,"comment_status":"closed","ping_status":"closed","template":"","meta":{"_acf_changed":false,"footnotes":""},"class_list":["post-27118","page","type-page","status-publish","hentry"],"acf":[],"publishpress_future_workflow_manual_trigger":{"enabledWorkflows":[]},"_links":{"self":[{"href":"https:\/\/froiz.es\/gl\/wp-json\/wp\/v2\/pages\/27118","targetHints":{"allow":["GET"]}}],"collection":[{"href":"https:\/\/froiz.es\/gl\/wp-json\/wp\/v2\/pages"}],"about":[{"href":"https:\/\/froiz.es\/gl\/wp-json\/wp\/v2\/types\/page"}],"author":[{"embeddable":true,"href":"https:\/\/froiz.es\/gl\/wp-json\/wp\/v2\/users\/1"}],"replies":[{"embeddable":true,"href":"https:\/\/froiz.es\/gl\/wp-json\/wp\/v2\/comments?post=27118"}],"version-history":[{"count":0,"href":"https:\/\/froiz.es\/gl\/wp-json\/wp\/v2\/pages\/27118\/revisions"}],"wp:attachment":[{"href":"https:\/\/froiz.es\/gl\/wp-json\/wp\/v2\/media?parent=27118"}],"curies":[{"name":"wp","href":"https:\/\/api.w.org\/{rel}","templated":true}]}}