{"id":27116,"date":"2023-01-02T14:14:05","date_gmt":"2023-01-02T13:14:05","guid":{"rendered":"https:\/\/froiz.devhub.es\/plataformas-loxisticas\/"},"modified":"2023-06-20T15:02:13","modified_gmt":"2023-06-20T13:02:13","slug":"plataformas-loxisticas","status":"publish","type":"page","link":"https:\/\/froiz.es\/gl\/plataformas-loxisticas\/","title":{"rendered":"Plataformas lox\u00edsticas"},"content":{"rendered":"<h3>distribuci\u00f3n<\/h3>\n<h2>Plataformas Lox\u00edsticas<\/h2>\n<p>A empresa conta con 8 plataformas lox\u00edsticas, cun total de 43.150 metros cadrados, que abastecen diariamente a toda a rede comercial do Grupo Froiz.<\/p>\n<h5>PLATAFORMA CENTRAL ESPA\u00d1A<\/h5>\n<p>\t\t\t\t\t\t\t\t\t\t\t\t<img loading=\"lazy\" decoding=\"async\" width=\"689\" height=\"374\" src=\"https:\/\/froiz.es\/wp-content\/uploads\/2023\/05\/12.jpg\" alt=\"\" loading=\"lazy\" srcset=\"https:\/\/froiz.es\/wp-content\/uploads\/2023\/05\/12.jpg 1024w, https:\/\/froiz.es\/wp-content\/uploads\/2023\/05\/12-300x163.jpg 300w, https:\/\/froiz.es\/wp-content\/uploads\/2023\/05\/12-768x417.jpg 768w\" sizes=\"auto, (max-width: 689px) 100vw, 689px\" \/>\t\t\t\t\t\t\t\t\t\t\t\t\t\t<\/p>\n<p>\u00c9 a <strong>plataforma principal<\/strong> e est\u00e1 situada en Lourido-Poio, (Pontevedra). Conta con dous almac\u00e9ns, un dedicado \u00e1 <strong>alimentaci\u00f3n seca, bebidas, droguer\u00eda e perfumer\u00eda<\/strong>.; e o outro a produto fresco: <strong>froitas e verduras<\/strong>.<\/p>\n<ul>\n<li>\n\t\t\t\t\t\t\t\t\t\t\t<a href=\"https:\/\/goo.gl\/maps\/brrPSKpcxz1zoNBW6\" target=\"_blank\" rel=\"noopener\"><br \/>\n\t\t\t\t\t\t\t\t\t\tLourido, N\u00ba 15, 36163 Poio, Pontevedra<br \/>\n\t\t\t\t\t\t\t\t\t\t\t<\/a>\n\t\t\t\t\t\t\t\t\t<\/li>\n<\/ul>\n<h5>PLATAFORMA CENTRAL PORTUGAL<\/h5>\n<p>\t\t\t\t\t\t\t\t\t\t\t\t<img loading=\"lazy\" decoding=\"async\" width=\"689\" height=\"374\" src=\"https:\/\/froiz.es\/wp-content\/uploads\/2023\/05\/09.jpg\" alt=\"\" loading=\"lazy\" srcset=\"https:\/\/froiz.es\/wp-content\/uploads\/2023\/05\/09.jpg 1024w, https:\/\/froiz.es\/wp-content\/uploads\/2023\/05\/09-300x163.jpg 300w, https:\/\/froiz.es\/wp-content\/uploads\/2023\/05\/09-768x417.jpg 768w\" sizes=\"auto, (max-width: 689px) 100vw, 689px\" \/>\t\t\t\t\t\t\t\t\t\t\t\t\t\t<\/p>\n<p>A plataforma de <strong>Supermercados Froiz Portugal Lda<\/strong>. est\u00e1 situada na cidade de Braga e centraliza e <strong>distrib\u00fae produto procedente de provedores portugueses<\/strong>.<\/p>\n<ul>\n<li>\n\t\t\t\t\t\t\t\t\t\t\t<a href=\"https:\/\/goo.gl\/maps\/7KUSdCQYMKNiMdaDA\" target=\"_blank\" rel=\"noopener\"><br \/>\n\t\t\t\t\t\t\t\t\t\tR. Parque Industrial de Marvila Lote 1, 4705-629 Braga, Portugal<br \/>\n\t\t\t\t\t\t\t\t\t\t\t<\/a>\n\t\t\t\t\t\t\t\t\t<\/li>\n<\/ul>\n<h5>PLATAFORMA CASTELA E LE\u00d3N<\/h5>\n<p>\t\t\t\t\t\t\t\t\t\t\t\t<img loading=\"lazy\" decoding=\"async\" width=\"689\" height=\"374\" src=\"https:\/\/froiz.es\/wp-content\/uploads\/2023\/05\/11.jpg\" alt=\"\" loading=\"lazy\" srcset=\"https:\/\/froiz.es\/wp-content\/uploads\/2023\/05\/11.jpg 1024w, https:\/\/froiz.es\/wp-content\/uploads\/2023\/05\/11-300x163.jpg 300w, https:\/\/froiz.es\/wp-content\/uploads\/2023\/05\/11-768x417.jpg 768w\" sizes=\"auto, (max-width: 689px) 100vw, 689px\" \/>\t\t\t\t\t\t\t\t\t\t\t\t\t\t<\/p>\n<p>Na comunidade de <strong>Castela e Le\u00f3n<\/strong>, na localidade de Lagoa de Douro (<strong>Valladolid<\/strong>) , sit\u00faase esta plataforma que se encarga da <strong>redistribuci\u00f3n de mercador\u00edas e almacenaxe de produtos de alta rotaci\u00f3n e produtos locais<\/strong> para os centros Froiz de Castela e Le\u00f3n, Comunidad de Madrid e Castela A Mancha.<\/p>\n<ul>\n<li>\n\t\t\t\t\t\t\t\t\t\t\t<a href=\"https:\/\/goo.gl\/maps\/oHM63MWSaTQUn38M8\" target=\"_blank\" rel=\"noopener\"><br \/>\n\t\t\t\t\t\t\t\t\t\tCamino Trasdeconejos, s\/n, nave 1, 47140 Laguna de Duero, Valladolid<br \/>\n\t\t\t\t\t\t\t\t\t\t\t<\/a>\n\t\t\t\t\t\t\t\t\t<\/li>\n<\/ul>\n<h5>PLATAFORMA MADRID<\/h5>\n<p>\t\t\t\t\t\t\t\t\t\t\t\t<img loading=\"lazy\" decoding=\"async\" width=\"689\" height=\"374\" src=\"https:\/\/froiz.es\/wp-content\/uploads\/2023\/05\/15.jpg\" alt=\"\" loading=\"lazy\" srcset=\"https:\/\/froiz.es\/wp-content\/uploads\/2023\/05\/15.jpg 1024w, https:\/\/froiz.es\/wp-content\/uploads\/2023\/05\/15-300x163.jpg 300w, https:\/\/froiz.es\/wp-content\/uploads\/2023\/05\/15-768x417.jpg 768w\" sizes=\"auto, (max-width: 689px) 100vw, 689px\" \/>\t\t\t\t\t\t\t\t\t\t\t\t\t\t<\/p>\n<p>A plataforma da Comunidad de Madrid, situada en <strong>Xetafe<\/strong>, enc\u00e1rgase do <strong>abastecemento e re-distribuci\u00f3n de alimentaci\u00f3n seca aos supermercados da comunidade de Madrid<\/strong>, e distribuci\u00f3n de produtos <strong>frescos e refrixerados aos centros Froiz<\/strong> de Castela e Le\u00f3n, Comunidad de Madrid e Castela A Mancha.<\/p>\n<ul>\n<li>\n\t\t\t\t\t\t\t\t\t\t\t<a href=\"https:\/\/goo.gl\/maps\/W8UBm1uitTiv8dwA8\" target=\"_blank\" rel=\"noopener\"><br \/>\n\t\t\t\t\t\t\t\t\t\tC. R\u00edo Cuzna, 2, 28906 Getafe, Madrid<br \/>\n\t\t\t\t\t\t\t\t\t\t\t<\/a>\n\t\t\t\t\t\t\t\t\t<\/li>\n<\/ul>\n<h5>PLATAFORMA FROIZ MAR<\/h5>\n<p>\t\t\t\t\t\t\t\t\t\t\t\t<img loading=\"lazy\" decoding=\"async\" width=\"689\" height=\"374\" src=\"https:\/\/froiz.es\/wp-content\/uploads\/2023\/05\/13.jpg\" alt=\"\" loading=\"lazy\" srcset=\"https:\/\/froiz.es\/wp-content\/uploads\/2023\/05\/13.jpg 1024w, https:\/\/froiz.es\/wp-content\/uploads\/2023\/05\/13-300x163.jpg 300w, https:\/\/froiz.es\/wp-content\/uploads\/2023\/05\/13-768x417.jpg 768w\" sizes=\"auto, (max-width: 689px) 100vw, 689px\" \/>\t\t\t\t\t\t\t\t\t\t\t\t\t\t<\/p>\n<p><strong>Froiz Mar<\/strong>, situada no porto de Vigo, compra directamente das <strong>principais lonxas galegas<\/strong>, xestiona e <strong>distrib\u00fae peixe e marisco fresco diariamente<\/strong> aos distintos centros Froiz<\/p>\n<ul>\n<li>\n\t\t\t\t\t\t\t\t\t\t\t<a href=\"https:\/\/goo.gl\/maps\/oeHw8VC8a9x7HTYZA\" target=\"_blank\" rel=\"noopener\"><br \/>\n\t\t\t\t\t\t\t\t\t\tAv. da Beiramar, 27, 29, 36202 Vigo, Pontevedra<br \/>\n\t\t\t\t\t\t\t\t\t\t\t<\/a>\n\t\t\t\t\t\t\t\t\t<\/li>\n<\/ul>\n<h5>PLATAFORMA FROIZ CONXELADOS<\/h5>\n<p>\t\t\t\t\t\t\t\t\t\t\t\t<img loading=\"lazy\" decoding=\"async\" width=\"689\" height=\"374\" src=\"https:\/\/froiz.es\/wp-content\/uploads\/2023\/05\/14.jpg\" alt=\"\" loading=\"lazy\" srcset=\"https:\/\/froiz.es\/wp-content\/uploads\/2023\/05\/14.jpg 1024w, https:\/\/froiz.es\/wp-content\/uploads\/2023\/05\/14-300x163.jpg 300w, https:\/\/froiz.es\/wp-content\/uploads\/2023\/05\/14-768x417.jpg 768w\" sizes=\"auto, (max-width: 689px) 100vw, 689px\" \/>\t\t\t\t\t\t\t\t\t\t\t\t\t\t<\/p>\n<p><strong>Froiz Conxelados<\/strong>, no pol\u00edgono de <strong>Barro-Meis<\/strong> (Pontevedra), enc\u00e1rgase da distribuci\u00f3n de <strong>produtos<\/strong> con <strong>fr\u00edo negativo<\/strong>.<\/p>\n<ul>\n<li>\n\t\t\t\t\t\t\t\t\t\t\t<a href=\"https:\/\/goo.gl\/maps\/KTmqfCxPMveFPGp68\" target=\"_blank\" rel=\"noopener\"><br \/>\n\t\t\t\t\t\t\t\t\t\tPol\u00edgono Outeda-Curro (Parcela DE-15, 36692, Pontevedra<br \/>\n\t\t\t\t\t\t\t\t\t\t\t<\/a>\n\t\t\t\t\t\t\t\t\t<\/li>\n<\/ul>\n<h5>PLATAFORMA FROIZ FROITAS E VERDURAS<\/h5>\n<p>\t\t\t\t\t\t\t\t\t\t\t\t<img loading=\"lazy\" decoding=\"async\" width=\"689\" height=\"374\" src=\"https:\/\/froiz.es\/wp-content\/uploads\/2023\/05\/plat_frutas-verduras.png\" alt=\"\" loading=\"lazy\" srcset=\"https:\/\/froiz.es\/wp-content\/uploads\/2023\/05\/plat_frutas-verduras.png 1024w, https:\/\/froiz.es\/wp-content\/uploads\/2023\/05\/plat_frutas-verduras-300x163.png 300w, https:\/\/froiz.es\/wp-content\/uploads\/2023\/05\/plat_frutas-verduras-768x417.png 768w\" sizes=\"auto, (max-width: 689px) 100vw, 689px\" \/>\t\t\t\t\t\t\t\t\t\t\t\t\t\t<\/p>\n<p>No centro lox\u00edstico principal de <strong>Lourido-Poio<\/strong> (Pontevedra), sit\u00faase unha segunda plataforma especializada en <strong>lox\u00edstica de fr\u00edo de froitas e verduras<\/strong>. Opera as 24 horas do d\u00eda.<\/p>\n<ul>\n<li>\n\t\t\t\t\t\t\t\t\t\t\t<a href=\"https:\/\/goo.gl\/maps\/brrPSKpcxz1zoNBW6\" target=\"_blank\" rel=\"noopener\"><br \/>\n\t\t\t\t\t\t\t\t\t\tLourido, N\u00ba 15, 36163 Poio, Pontevedra<br \/>\n\t\t\t\t\t\t\t\t\t\t\t<\/a>\n\t\t\t\t\t\t\t\t\t<\/li>\n<\/ul>\n<h5>PLATAFORMA FROIZ CHARCUTER\u00cdA<\/h5>\n<p>\t\t\t\t\t\t\t\t\t\t\t\t<img loading=\"lazy\" decoding=\"async\" width=\"689\" height=\"374\" src=\"https:\/\/froiz.es\/wp-content\/uploads\/2023\/05\/10.jpg\" alt=\"\" loading=\"lazy\" srcset=\"https:\/\/froiz.es\/wp-content\/uploads\/2023\/05\/10.jpg 1024w, https:\/\/froiz.es\/wp-content\/uploads\/2023\/05\/10-300x163.jpg 300w, https:\/\/froiz.es\/wp-content\/uploads\/2023\/05\/10-768x417.jpg 768w\" sizes=\"auto, (max-width: 689px) 100vw, 689px\" \/>\t\t\t\t\t\t\t\t\t\t\t\t\t\t<\/p>\n<p>Froiz Charcuter\u00eda est\u00e1 situada na zona do <strong>Marco-Pontevedra<\/strong> (Pontevedra), centraliza os <strong>produtos fr\u00edo de charcuter\u00eda e queixos<\/strong>.<\/p>\n<ul>\n<li>\n\t\t\t\t\t\t\t\t\t\t\t<a href=\"https:\/\/goo.gl\/maps\/P6nZ81VkXUoicCCbA?coh=178573&#038;entry=tt\" target=\"_blank\" rel=\"noopener\"><br \/>\n\t\t\t\t\t\t\t\t\t\tEl Marco, 19, 36004 Pontevedra<br \/>\n\t\t\t\t\t\t\t\t\t\t\t<\/a>\n\t\t\t\t\t\t\t\t\t<\/li>\n<\/ul>\n","protected":false},"excerpt":{"rendered":"<p>distribuci\u00f3n Plataformas Lox\u00edsticas A empresa conta con 8 plataformas lox\u00edsticas, cun total de 43.150 metros cadrados, que abastecen diariamente a toda a rede comercial do Grupo Froiz. PLATAFORMA CENTRAL ESPA\u00d1A \u00c9 a plataforma principal e est\u00e1 situada en Lourido-Poio, (Pontevedra). Conta con dous almac\u00e9ns, un dedicado \u00e1 alimentaci\u00f3n seca, bebidas, droguer\u00eda e perfumer\u00eda.; e o [&hellip;]<\/p>\n","protected":false},"author":1,"featured_media":0,"parent":0,"menu_order":0,"comment_status":"closed","ping_status":"closed","template":"","meta":{"_acf_changed":false,"footnotes":""},"class_list":["post-27116","page","type-page","status-publish","hentry"],"acf":[],"publishpress_future_workflow_manual_trigger":{"enabledWorkflows":[]},"_links":{"self":[{"href":"https:\/\/froiz.es\/gl\/wp-json\/wp\/v2\/pages\/27116","targetHints":{"allow":["GET"]}}],"collection":[{"href":"https:\/\/froiz.es\/gl\/wp-json\/wp\/v2\/pages"}],"about":[{"href":"https:\/\/froiz.es\/gl\/wp-json\/wp\/v2\/types\/page"}],"author":[{"embeddable":true,"href":"https:\/\/froiz.es\/gl\/wp-json\/wp\/v2\/users\/1"}],"replies":[{"embeddable":true,"href":"https:\/\/froiz.es\/gl\/wp-json\/wp\/v2\/comments?post=27116"}],"version-history":[{"count":0,"href":"https:\/\/froiz.es\/gl\/wp-json\/wp\/v2\/pages\/27116\/revisions"}],"wp:attachment":[{"href":"https:\/\/froiz.es\/gl\/wp-json\/wp\/v2\/media?parent=27116"}],"curies":[{"name":"wp","href":"https:\/\/api.w.org\/{rel}","templated":true}]}}