{"id":27114,"date":"2023-01-02T14:08:02","date_gmt":"2023-01-02T13:08:02","guid":{"rendered":"https:\/\/froiz.devhub.es\/rede-comercial\/"},"modified":"2024-02-06T13:32:59","modified_gmt":"2024-02-06T12:32:59","slug":"rede-comercial","status":"publish","type":"page","link":"https:\/\/froiz.es\/gl\/rede-comercial\/","title":{"rendered":"Rede comercial"},"content":{"rendered":"\t\t<div data-elementor-type=\"wp-page\" data-elementor-id=\"27114\" class=\"elementor elementor-27114 elementor-4940\" data-elementor-post-type=\"page\">\n\t\t\t\t\t\t<section class=\"elementor-section elementor-top-section elementor-element elementor-element-9b231ed elementor-section-boxed elementor-section-height-default elementor-section-height-default\" data-id=\"9b231ed\" data-element_type=\"section\">\n\t\t\t\t\t\t<div class=\"elementor-container elementor-column-gap-default\">\n\t\t\t\t\t<div class=\"elementor-column elementor-col-100 elementor-top-column elementor-element elementor-element-640044d\" data-id=\"640044d\" data-element_type=\"column\">\n\t\t\t<div class=\"elementor-widget-wrap elementor-element-populated\">\n\t\t\t\t\t<div class=\"elementor-background-overlay\"><\/div>\n\t\t\t\t\t\t<div class=\"elementor-element elementor-element-e09d031 elementor-widget elementor-widget-heading\" data-id=\"e09d031\" data-element_type=\"widget\" data-widget_type=\"heading.default\">\n\t\t\t\t<div class=\"elementor-widget-container\">\n\t\t\t\t\t<h3 class=\"elementor-heading-title elementor-size-default\">Os nosos formatos<\/h3>\t\t\t\t<\/div>\n\t\t\t\t<\/div>\n\t\t\t\t<div class=\"elementor-element elementor-element-7966530 elementor-widget elementor-widget-heading\" data-id=\"7966530\" data-element_type=\"widget\" data-widget_type=\"heading.default\">\n\t\t\t\t<div class=\"elementor-widget-container\">\n\t\t\t\t\t<h2 class=\"elementor-heading-title elementor-size-default\">Rede Comercial<\/h2>\t\t\t\t<\/div>\n\t\t\t\t<\/div>\n\t\t\t\t<div class=\"elementor-element elementor-element-7b0c4a7 elementor-hidden-desktop elementor-hidden-tablet elementor-hidden-mobile elementor-widget-divider--view-line elementor-widget elementor-widget-divider\" data-id=\"7b0c4a7\" data-element_type=\"widget\" data-widget_type=\"divider.default\">\n\t\t\t\t<div class=\"elementor-widget-container\">\n\t\t\t\t\t\t\t<div class=\"elementor-divider\">\n\t\t\t<span class=\"elementor-divider-separator\">\n\t\t\t\t\t\t<\/span>\n\t\t<\/div>\n\t\t\t\t\t\t<\/div>\n\t\t\t\t<\/div>\n\t\t\t\t<div class=\"elementor-element elementor-element-9a0dc0f elementor-widget elementor-widget-text-editor\" data-id=\"9a0dc0f\" data-element_type=\"widget\" data-widget_type=\"text-editor.default\">\n\t\t\t\t<div class=\"elementor-widget-container\">\n\t\t\t\t\t\t\t\t\t<p>A empresa conta con 4 formatos distintos de negocio en funci\u00f3n da s\u00faa localizaci\u00f3n, metros cadrados de sala de vendas e oferta comercial. En <b>Espa\u00f1a<\/b>, est\u00e1 presente nas comunidades aut\u00f3nomas de Galicia, Castela e Le\u00f3n, Castela-A Mancha e Comunidad de Madrid. En <b>Portugal<\/b>, as nosas tendas est\u00e1n situadas na zona norte do pa\u00eds, nos distritos de Viana do Castelo, Braga, Porto e Aveiro. (Datos peche ano 2023)<\/p>\t\t\t\t\t\t\t\t<\/div>\n\t\t\t\t<\/div>\n\t\t\t\t<div class=\"elementor-element elementor-element-71577df elementor-view-default elementor-widget elementor-widget-icon\" data-id=\"71577df\" data-element_type=\"widget\" data-widget_type=\"icon.default\">\n\t\t\t\t<div class=\"elementor-widget-container\">\n\t\t\t\t\t\t\t<div class=\"elementor-icon-wrapper\">\n\t\t\t<div class=\"elementor-icon\">\n\t\t\t<svg xmlns=\"http:\/\/www.w3.org\/2000\/svg\" xmlns:xlink=\"http:\/\/www.w3.org\/1999\/xlink\" id=\"Capa_1\" x=\"0px\" y=\"0px\" viewBox=\"0 0 512 512\" style=\"enable-background:new 0 0 512 512;\" xml:space=\"preserve\"><g>\t<g>\t\t<path d=\"M143.5,326.255c-4.142,0-7.5,3.358-7.5,7.5v13.5c0,4.142,3.358,7.5,7.5,7.5c4.142,0,7.5-3.358,7.5-7.5v-13.5   C151,329.613,147.642,326.255,143.5,326.255z\"><\/path>\t<\/g><\/g><g>\t<g>\t\t<path d=\"M488.312,425.849h-12.143V217.76c20.115-3.56,35.445-21.155,35.445-42.276v-28.876c0-0.147-0.014-0.291-0.022-0.436   c-0.005-0.081-0.005-0.162-0.012-0.243c-0.027-0.296-0.068-0.587-0.128-0.871c-0.003-0.017-0.009-0.033-0.013-0.049   c-0.059-0.273-0.136-0.539-0.224-0.8c-0.022-0.066-0.048-0.132-0.072-0.197c-0.083-0.224-0.175-0.442-0.278-0.655   c-0.019-0.039-0.031-0.08-0.05-0.118L477.653,77.29V42.796c0-8.902-7.243-16.145-16.145-16.145H120.456   c-4.142,0-7.5,3.358-7.5,7.5c0,4.142,3.358,7.5,7.5,7.5h341.052c0.631,0,1.145,0.514,1.145,1.145V71.64H49.347V42.796   c0-0.631,0.514-1.145,1.145-1.145H85.56c4.142,0,7.5-3.358,7.5-7.5c0-4.142-3.358-7.5-7.5-7.5H50.492   c-8.902,0-16.145,7.243-16.145,16.145V77.29L1.186,143.239c-0.019,0.039-0.032,0.08-0.05,0.118   c-0.103,0.213-0.195,0.431-0.278,0.655c-0.024,0.066-0.05,0.131-0.072,0.197c-0.088,0.261-0.165,0.527-0.224,0.8   c-0.004,0.016-0.009,0.032-0.013,0.049c-0.06,0.285-0.102,0.575-0.128,0.871c-0.007,0.081-0.007,0.162-0.012,0.243   c-0.008,0.145-0.022,0.289-0.022,0.436v28.876c0,21.12,15.33,38.716,35.445,42.276v208.089H23.688   C10.626,425.849,0,436.476,0,449.538v23.722c0,6.666,5.423,12.089,12.089,12.089h487.822c6.666,0,12.089-5.423,12.089-12.089   v-23.722C512,436.476,501.374,425.849,488.312,425.849z M496.613,175.485c0,15.409-12.536,27.945-27.945,27.945   s-27.945-12.536-27.945-27.945v-21.376h55.89L496.613,175.485L496.613,175.485z M465.565,86.64l26.382,52.468h-53.448   L419.655,86.64H465.565z M403.716,86.64l18.844,52.468h-54.17L357.083,86.64H403.716z M425.724,154.108v21.376   c0,15.409-12.536,27.945-27.945,27.945s-27.945-12.536-27.945-27.945v-21.376H425.724z M341.739,86.64l11.307,52.468h-54.62   l-3.769-52.468H341.739z M354.834,154.108v21.376c0,15.409-12.536,27.945-27.944,27.945c-15.408,0-27.945-12.536-27.945-27.945   v-21.376H354.834z M232.382,86.64h47.235l3.769,52.468h-54.773L232.382,86.64z M228.055,154.108h55.89v21.376   c0,15.409-12.536,27.945-27.945,27.945s-27.945-12.536-27.945-27.945V154.108z M256,218.429c14.704,0,27.701-7.431,35.445-18.732   c7.744,11.301,20.741,18.732,35.445,18.732c14.704,0,27.701-7.431,35.444-18.732c7.744,11.301,20.741,18.732,35.445,18.732   c14.704,0,27.701-7.431,35.445-18.732c6.396,9.334,16.379,16.016,27.945,18.063v208.089H178.836V259.185   c0-7.692-6.258-13.95-13.95-13.95H78.177c-7.692,0-13.95,6.258-13.95,13.95v166.664H50.832V217.76   c11.566-2.047,21.549-8.729,27.945-18.063c7.744,11.301,20.741,18.732,35.445,18.732c14.704,0,27.701-7.431,35.445-18.732   c7.744,11.301,20.741,18.732,35.444,18.732s27.701-7.431,35.445-18.732C228.299,210.998,241.296,218.429,256,218.429z    M163.836,260.235v165.614H79.227V260.235H163.836z M86.276,175.485v-21.376h55.89v21.376c0,15.409-12.536,27.945-27.945,27.945   S86.276,190.893,86.276,175.485z M170.261,86.64h47.082l-3.769,52.468h-54.62L170.261,86.64z M157.166,154.108h55.889v21.376   c0,15.409-12.536,27.945-27.945,27.945s-27.944-12.536-27.944-27.945V154.108z M154.916,86.64l-11.307,52.468h-54.17   l18.844-52.468H154.916z M46.435,86.64h45.91l-18.844,52.468H20.053L46.435,86.64z M15.387,175.485v-21.376h55.89v21.376   c0,15.409-12.536,27.945-27.945,27.945C27.923,203.43,15.387,190.893,15.387,175.485z M15,470.349v-20.812   c0-4.791,3.897-8.688,8.688-8.688h464.623c4.791,0,8.688,3.897,8.688,8.688v20.812H15z\"><\/path>\t<\/g><\/g><g>\t<g>\t\t<path d=\"M426.773,245.235H335.06c-4.142,0-7.5,3.358-7.5,7.5c0,4.142,3.358,7.5,7.5,7.5h90.664V378.27H209.5V260.235h90.25   c4.142,0,7.5-3.358,7.5-7.5c0-4.142-3.358-7.5-7.5-7.5h-91.3c-7.692,0-13.95,6.257-13.95,13.95v120.136   c0,7.692,6.258,13.95,13.95,13.95h218.323c7.692,0,13.95-6.258,13.95-13.95V259.185   C440.723,251.493,434.465,245.235,426.773,245.235z\"><\/path>\t<\/g><\/g><g><\/g><g><\/g><g><\/g><g><\/g><g><\/g><g><\/g><g><\/g><g><\/g><g><\/g><g><\/g><g><\/g><g><\/g><g><\/g><g><\/g><g><\/g><\/svg>\t\t\t<\/div>\n\t\t<\/div>\n\t\t\t\t\t\t<\/div>\n\t\t\t\t<\/div>\n\t\t\t\t<div class=\"elementor-element elementor-element-5a07e9e elementor-widget elementor-widget-counter\" data-id=\"5a07e9e\" data-element_type=\"widget\" data-widget_type=\"counter.default\">\n\t\t\t\t<div class=\"elementor-widget-container\">\n\t\t\t\t\t\t\t<div class=\"elementor-counter\">\n\t\t\t<div class=\"elementor-counter-title\">CENTROS PROPIOS <br><small><strong>+78 FRANQU\u00cdAS<\/strong><\/small><\/div>\t\t\t<div class=\"elementor-counter-number-wrapper\">\n\t\t\t\t<span class=\"elementor-counter-number-prefix\"><\/span>\n\t\t\t\t<span class=\"elementor-counter-number\" data-duration=\"2000\" data-to-value=\"259\" data-from-value=\"0\" data-delimiter=\",\">0<\/span>\n\t\t\t\t<span class=\"elementor-counter-number-suffix\"><\/span>\n\t\t\t<\/div>\n\t\t<\/div>\n\t\t\t\t\t\t<\/div>\n\t\t\t\t<\/div>\n\t\t\t\t\t<\/div>\n\t\t<\/div>\n\t\t\t\t\t<\/div>\n\t\t<\/section>\n\t\t\t\t<section class=\"elementor-section elementor-top-section elementor-element elementor-element-72e6eb1 elementor-section-boxed elementor-section-height-default elementor-section-height-default\" data-id=\"72e6eb1\" data-element_type=\"section\">\n\t\t\t\t\t\t<div class=\"elementor-container elementor-column-gap-default\">\n\t\t\t\t\t<div class=\"elementor-column elementor-col-50 elementor-top-column elementor-element elementor-element-001c4b4\" data-id=\"001c4b4\" data-element_type=\"column\">\n\t\t\t<div class=\"elementor-widget-wrap elementor-element-populated\">\n\t\t\t\t\t<div class=\"elementor-background-overlay\"><\/div>\n\t\t\t\t\t\t<div class=\"elementor-element elementor-element-709d49c elementor-widget__width-auto elementor-widget elementor-widget-heading\" data-id=\"709d49c\" data-element_type=\"widget\" data-widget_type=\"heading.default\">\n\t\t\t\t<div class=\"elementor-widget-container\">\n\t\t\t\t\t<h5 class=\"elementor-heading-title elementor-size-default\">241 SUPERMERCADOS<\/h5>\t\t\t\t<\/div>\n\t\t\t\t<\/div>\n\t\t\t\t<div class=\"elementor-element elementor-element-1735a4c elementor-widget elementor-widget-image\" data-id=\"1735a4c\" data-element_type=\"widget\" data-widget_type=\"image.default\">\n\t\t\t\t<div class=\"elementor-widget-container\">\n\t\t\t\t\t\t\t\t\t\t\t\t\t\t\t<img fetchpriority=\"high\" decoding=\"async\" width=\"689\" height=\"374\" src=\"https:\/\/froiz.es\/wp-content\/uploads\/2023\/05\/16.jpg\" class=\"attachment-large size-large wp-image-26264\" alt=\"\" srcset=\"https:\/\/froiz.es\/wp-content\/uploads\/2023\/05\/16.jpg 1024w, https:\/\/froiz.es\/wp-content\/uploads\/2023\/05\/16-300x163.jpg 300w, https:\/\/froiz.es\/wp-content\/uploads\/2023\/05\/16-768x417.jpg 768w\" sizes=\"(max-width: 689px) 100vw, 689px\" \/>\t\t\t\t\t\t\t\t\t\t\t\t\t\t\t<\/div>\n\t\t\t\t<\/div>\n\t\t\t\t<div class=\"elementor-element elementor-element-d5f1afb elementor-widget elementor-widget-text-editor\" data-id=\"d5f1afb\" data-element_type=\"widget\" data-widget_type=\"text-editor.default\">\n\t\t\t\t<div class=\"elementor-widget-container\">\n\t\t\t\t\t\t\t\t\t<p class=\"puntosventa_formato_texto\">Os supermercados Froiz son establecementos de proximidade de ata 1.200 metros cadrados. A s\u00faa oferta comercial est\u00e1 baseada en m\u00e1is de 10.000 referencias de produtos.<\/p>\n\t\t\t\t\t\t\t\t<\/div>\n\t\t\t\t<\/div>\n\t\t\t\t<div class=\"elementor-element elementor-element-744a713 elementor-widget elementor-widget-image\" data-id=\"744a713\" data-element_type=\"widget\" data-widget_type=\"image.default\">\n\t\t\t\t<div class=\"elementor-widget-container\">\n\t\t\t\t\t\t\t\t\t\t\t\t\t\t\t<img decoding=\"async\" width=\"220\" height=\"100\" src=\"https:\/\/froiz.es\/wp-content\/uploads\/2022\/01\/logo_froiz.png\" class=\"attachment-large size-large wp-image-25845\" alt=\"Froiz. Siempre a su servicio\" \/>\t\t\t\t\t\t\t\t\t\t\t\t\t\t\t<\/div>\n\t\t\t\t<\/div>\n\t\t\t\t\t<\/div>\n\t\t<\/div>\n\t\t\t\t<div class=\"elementor-column elementor-col-50 elementor-top-column elementor-element elementor-element-b0463ce\" data-id=\"b0463ce\" data-element_type=\"column\">\n\t\t\t<div class=\"elementor-widget-wrap elementor-element-populated\">\n\t\t\t\t\t<div class=\"elementor-background-overlay\"><\/div>\n\t\t\t\t\t\t<div class=\"elementor-element elementor-element-485e337 elementor-widget__width-auto elementor-widget elementor-widget-heading\" data-id=\"485e337\" data-element_type=\"widget\" data-widget_type=\"heading.default\">\n\t\t\t\t<div class=\"elementor-widget-container\">\n\t\t\t\t\t<h5 class=\"elementor-heading-title elementor-size-default\">7 HIPERMERCADOS<\/h5>\t\t\t\t<\/div>\n\t\t\t\t<\/div>\n\t\t\t\t<div class=\"elementor-element elementor-element-a54a281 elementor-widget elementor-widget-image\" data-id=\"a54a281\" data-element_type=\"widget\" data-widget_type=\"image.default\">\n\t\t\t\t<div class=\"elementor-widget-container\">\n\t\t\t\t\t\t\t\t\t\t\t\t\t\t\t<img decoding=\"async\" width=\"689\" height=\"374\" src=\"https:\/\/froiz.es\/wp-content\/uploads\/2023\/05\/06.jpg\" class=\"attachment-large size-large wp-image-26265\" alt=\"\" srcset=\"https:\/\/froiz.es\/wp-content\/uploads\/2023\/05\/06.jpg 1024w, https:\/\/froiz.es\/wp-content\/uploads\/2023\/05\/06-300x163.jpg 300w, https:\/\/froiz.es\/wp-content\/uploads\/2023\/05\/06-768x417.jpg 768w\" sizes=\"(max-width: 689px) 100vw, 689px\" \/>\t\t\t\t\t\t\t\t\t\t\t\t\t\t\t<\/div>\n\t\t\t\t<\/div>\n\t\t\t\t<div class=\"elementor-element elementor-element-9b28ba4 elementor-widget elementor-widget-text-editor\" data-id=\"9b28ba4\" data-element_type=\"widget\" data-widget_type=\"text-editor.default\">\n\t\t\t\t<div class=\"elementor-widget-container\">\n\t\t\t\t\t\t\t\t\t<p class=\"puntosventa_formato_texto\">Os hipermercados urbanos Hiper Froiz contan con m\u00e1is de 2.500 metros cadrados de sala de vendas e sempre con aparcamento propio. Ofrece 50.000 referencias de produtos que se complementa con secci\u00f3ns dedicadas ao fogar, t\u00e9xtil, librer\u00eda, autom\u00f3bil\u2026<\/p>\n\t\t\t\t\t\t\t\t<\/div>\n\t\t\t\t<\/div>\n\t\t\t\t<div class=\"elementor-element elementor-element-1400865 elementor-widget elementor-widget-image\" data-id=\"1400865\" data-element_type=\"widget\" data-widget_type=\"image.default\">\n\t\t\t\t<div class=\"elementor-widget-container\">\n\t\t\t\t\t\t\t\t\t\t\t\t\t\t\t<img loading=\"lazy\" decoding=\"async\" width=\"200\" height=\"33\" src=\"https:\/\/froiz.es\/wp-content\/uploads\/2022\/05\/puntosventa_logo_hiper.jpg\" class=\"attachment-large size-large wp-image-25942\" alt=\"Hiper Froiz\" srcset=\"https:\/\/froiz.es\/wp-content\/uploads\/2022\/05\/puntosventa_logo_hiper.jpg 200w, https:\/\/froiz.es\/wp-content\/uploads\/2022\/05\/puntosventa_logo_hiper-24x4.jpg 24w, https:\/\/froiz.es\/wp-content\/uploads\/2022\/05\/puntosventa_logo_hiper-36x6.jpg 36w, https:\/\/froiz.es\/wp-content\/uploads\/2022\/05\/puntosventa_logo_hiper-48x8.jpg 48w\" sizes=\"(max-width: 200px) 100vw, 200px\" \/>\t\t\t\t\t\t\t\t\t\t\t\t\t\t\t<\/div>\n\t\t\t\t<\/div>\n\t\t\t\t\t<\/div>\n\t\t<\/div>\n\t\t\t\t\t<\/div>\n\t\t<\/section>\n\t\t\t\t<section class=\"elementor-section elementor-top-section elementor-element elementor-element-ca550df elementor-section-boxed elementor-section-height-default elementor-section-height-default\" data-id=\"ca550df\" data-element_type=\"section\">\n\t\t\t\t\t\t<div class=\"elementor-container elementor-column-gap-default\">\n\t\t\t\t\t<div class=\"elementor-column elementor-col-50 elementor-top-column elementor-element elementor-element-d60c867\" data-id=\"d60c867\" data-element_type=\"column\">\n\t\t\t<div class=\"elementor-widget-wrap elementor-element-populated\">\n\t\t\t\t\t<div class=\"elementor-background-overlay\"><\/div>\n\t\t\t\t\t\t<div class=\"elementor-element elementor-element-589d339 elementor-widget__width-auto elementor-widget elementor-widget-heading\" data-id=\"589d339\" data-element_type=\"widget\" data-widget_type=\"heading.default\">\n\t\t\t\t<div class=\"elementor-widget-container\">\n\t\t\t\t\t<h5 class=\"elementor-heading-title elementor-size-default\">11 CASH &amp; CARRY<\/h5>\t\t\t\t<\/div>\n\t\t\t\t<\/div>\n\t\t\t\t<div class=\"elementor-element elementor-element-1cbe082 elementor-widget elementor-widget-image\" data-id=\"1cbe082\" data-element_type=\"widget\" data-widget_type=\"image.default\">\n\t\t\t\t<div class=\"elementor-widget-container\">\n\t\t\t\t\t\t\t\t\t\t\t\t\t\t\t<img loading=\"lazy\" decoding=\"async\" width=\"689\" height=\"374\" src=\"https:\/\/froiz.es\/wp-content\/uploads\/2023\/06\/cash-carry.png\" class=\"attachment-large size-large wp-image-26286\" alt=\"\" srcset=\"https:\/\/froiz.es\/wp-content\/uploads\/2023\/06\/cash-carry.png 1024w, https:\/\/froiz.es\/wp-content\/uploads\/2023\/06\/cash-carry-300x163.png 300w, https:\/\/froiz.es\/wp-content\/uploads\/2023\/06\/cash-carry-768x417.png 768w\" sizes=\"(max-width: 689px) 100vw, 689px\" \/>\t\t\t\t\t\t\t\t\t\t\t\t\t\t\t<\/div>\n\t\t\t\t<\/div>\n\t\t\t\t<div class=\"elementor-element elementor-element-208cdfc elementor-widget elementor-widget-text-editor\" data-id=\"208cdfc\" data-element_type=\"widget\" data-widget_type=\"text-editor.default\">\n\t\t\t\t<div class=\"elementor-widget-container\">\n\t\t\t\t\t\t\t\t\t<p class=\"puntosventa_formato_texto\">Os cash&amp;carry \u2013 Ekomax e Cash Froiz \u2013 contan cunha sala de vendas de m\u00e1is de 1.000 metros cadrados. Ded\u00edcanse \u00e1 venda por xunto de produtos basicamente de alimentaci\u00f3n e droguer\u00eda a clientes especializados e canle HORECA.<\/p>\n\t\t\t\t\t\t\t\t<\/div>\n\t\t\t\t<\/div>\n\t\t\t\t<div class=\"elementor-element elementor-element-da9951c elementor-widget elementor-widget-image\" data-id=\"da9951c\" data-element_type=\"widget\" data-widget_type=\"image.default\">\n\t\t\t\t<div class=\"elementor-widget-container\">\n\t\t\t\t\t\t\t\t\t\t\t\t\t\t\t<img loading=\"lazy\" decoding=\"async\" width=\"162\" height=\"51\" src=\"https:\/\/froiz.es\/wp-content\/uploads\/2022\/05\/puntosventa_logo_cash.jpg\" class=\"attachment-large size-large wp-image-25943\" alt=\"\" srcset=\"https:\/\/froiz.es\/wp-content\/uploads\/2022\/05\/puntosventa_logo_cash.jpg 162w, https:\/\/froiz.es\/wp-content\/uploads\/2022\/05\/puntosventa_logo_cash-24x8.jpg 24w, https:\/\/froiz.es\/wp-content\/uploads\/2022\/05\/puntosventa_logo_cash-36x11.jpg 36w, https:\/\/froiz.es\/wp-content\/uploads\/2022\/05\/puntosventa_logo_cash-48x15.jpg 48w\" sizes=\"(max-width: 162px) 100vw, 162px\" \/>\t\t\t\t\t\t\t\t\t\t\t\t\t\t\t<\/div>\n\t\t\t\t<\/div>\n\t\t\t\t\t<\/div>\n\t\t<\/div>\n\t\t\t\t<div class=\"elementor-column elementor-col-50 elementor-top-column elementor-element elementor-element-51981d5\" data-id=\"51981d5\" data-element_type=\"column\">\n\t\t\t<div class=\"elementor-widget-wrap elementor-element-populated\">\n\t\t\t\t\t<div class=\"elementor-background-overlay\"><\/div>\n\t\t\t\t\t\t<div class=\"elementor-element elementor-element-8cd0732 elementor-widget__width-auto elementor-widget elementor-widget-heading\" data-id=\"8cd0732\" data-element_type=\"widget\" data-widget_type=\"heading.default\">\n\t\t\t\t<div class=\"elementor-widget-container\">\n\t\t\t\t\t<h5 class=\"elementor-heading-title elementor-size-default\">78 TENDAS FRANQUIADAS<\/h5>\t\t\t\t<\/div>\n\t\t\t\t<\/div>\n\t\t\t\t<div class=\"elementor-element elementor-element-a68beda elementor-widget elementor-widget-image\" data-id=\"a68beda\" data-element_type=\"widget\" data-widget_type=\"image.default\">\n\t\t\t\t<div class=\"elementor-widget-container\">\n\t\t\t\t\t\t\t\t\t\t\t\t\t\t\t<img loading=\"lazy\" decoding=\"async\" width=\"689\" height=\"374\" src=\"https:\/\/froiz.es\/wp-content\/uploads\/2023\/05\/04.jpg\" class=\"attachment-large size-large wp-image-26266\" alt=\"\" srcset=\"https:\/\/froiz.es\/wp-content\/uploads\/2023\/05\/04.jpg 1024w, https:\/\/froiz.es\/wp-content\/uploads\/2023\/05\/04-300x163.jpg 300w, https:\/\/froiz.es\/wp-content\/uploads\/2023\/05\/04-768x417.jpg 768w\" sizes=\"(max-width: 689px) 100vw, 689px\" \/>\t\t\t\t\t\t\t\t\t\t\t\t\t\t\t<\/div>\n\t\t\t\t<\/div>\n\t\t\t\t<div class=\"elementor-element elementor-element-4e45419 elementor-widget elementor-widget-text-editor\" data-id=\"4e45419\" data-element_type=\"widget\" data-widget_type=\"text-editor.default\">\n\t\t\t\t<div class=\"elementor-widget-container\">\n\t\t\t\t\t\t\t\t\t<p>As tendas franquiadas operan coas marcas MercaMas, MercaExpress e Atl\u00e1ntico. Contan cunha variedade b\u00e1sica de alimentaci\u00f3n e unha sala de vendas inferior aos 300 metros cadrados.<\/p>\n\t\t\t\t\t\t\t\t<\/div>\n\t\t\t\t<\/div>\n\t\t\t\t<div class=\"elementor-element elementor-element-0dafc5c elementor-widget elementor-widget-image\" data-id=\"0dafc5c\" data-element_type=\"widget\" data-widget_type=\"image.default\">\n\t\t\t\t<div class=\"elementor-widget-container\">\n\t\t\t\t\t\t\t\t\t\t\t\t\t\t\t<img loading=\"lazy\" decoding=\"async\" width=\"237\" height=\"86\" src=\"https:\/\/froiz.es\/wp-content\/uploads\/2022\/05\/logo-franquicias.jpg\" class=\"attachment-large size-large wp-image-25944\" alt=\"\" srcset=\"https:\/\/froiz.es\/wp-content\/uploads\/2022\/05\/logo-franquicias.jpg 237w, https:\/\/froiz.es\/wp-content\/uploads\/2022\/05\/logo-franquicias-24x9.jpg 24w, https:\/\/froiz.es\/wp-content\/uploads\/2022\/05\/logo-franquicias-36x13.jpg 36w, https:\/\/froiz.es\/wp-content\/uploads\/2022\/05\/logo-franquicias-48x17.jpg 48w\" sizes=\"(max-width: 237px) 100vw, 237px\" \/>\t\t\t\t\t\t\t\t\t\t\t\t\t\t\t<\/div>\n\t\t\t\t<\/div>\n\t\t\t\t\t<\/div>\n\t\t<\/div>\n\t\t\t\t\t<\/div>\n\t\t<\/section>\n\t\t\t\t<\/div>\n\t\t","protected":false},"excerpt":{"rendered":"<p>Os nosos formatos Rede Comercial A empresa conta con 4 formatos distintos de negocio en funci\u00f3n da s\u00faa localizaci\u00f3n, metros cadrados de sala de vendas e oferta comercial. En Espa\u00f1a, est\u00e1 presente nas comunidades aut\u00f3nomas de Galicia, Castela e Le\u00f3n, Castela-A Mancha e Comunidad de Madrid. En Portugal, as nosas tendas est\u00e1n situadas na zona [&hellip;]<\/p>\n","protected":false},"author":1,"featured_media":0,"parent":0,"menu_order":0,"comment_status":"closed","ping_status":"closed","template":"","meta":{"_acf_changed":false,"footnotes":""},"class_list":["post-27114","page","type-page","status-publish","hentry"],"acf":[],"publishpress_future_workflow_manual_trigger":{"enabledWorkflows":[]},"_links":{"self":[{"href":"https:\/\/froiz.es\/gl\/wp-json\/wp\/v2\/pages\/27114","targetHints":{"allow":["GET"]}}],"collection":[{"href":"https:\/\/froiz.es\/gl\/wp-json\/wp\/v2\/pages"}],"about":[{"href":"https:\/\/froiz.es\/gl\/wp-json\/wp\/v2\/types\/page"}],"author":[{"embeddable":true,"href":"https:\/\/froiz.es\/gl\/wp-json\/wp\/v2\/users\/1"}],"replies":[{"embeddable":true,"href":"https:\/\/froiz.es\/gl\/wp-json\/wp\/v2\/comments?post=27114"}],"version-history":[{"count":10,"href":"https:\/\/froiz.es\/gl\/wp-json\/wp\/v2\/pages\/27114\/revisions"}],"predecessor-version":[{"id":30865,"href":"https:\/\/froiz.es\/gl\/wp-json\/wp\/v2\/pages\/27114\/revisions\/30865"}],"wp:attachment":[{"href":"https:\/\/froiz.es\/gl\/wp-json\/wp\/v2\/media?parent=27114"}],"curies":[{"name":"wp","href":"https:\/\/api.w.org\/{rel}","templated":true}]}}