{"id":27112,"date":"2023-01-02T13:50:33","date_gmt":"2023-01-02T12:50:33","guid":{"rendered":"https:\/\/froiz.devhub.es\/responsabilidade-social-corporativa\/"},"modified":"2023-06-20T14:37:02","modified_gmt":"2023-06-20T12:37:02","slug":"responsabilidade-social-corporativa","status":"publish","type":"page","link":"https:\/\/froiz.es\/gl\/responsabilidade-social-corporativa\/","title":{"rendered":"Responsabilidade Social Corporativa"},"content":{"rendered":"\t\t<div data-elementor-type=\"wp-page\" data-elementor-id=\"27112\" class=\"elementor elementor-27112 elementor-4923\" data-elementor-post-type=\"page\">\n\t\t\t\t\t\t<section class=\"elementor-section elementor-top-section elementor-element elementor-element-9b231ed elementor-section-boxed elementor-section-height-default elementor-section-height-default\" data-id=\"9b231ed\" data-element_type=\"section\">\n\t\t\t\t\t\t<div class=\"elementor-container elementor-column-gap-default\">\n\t\t\t\t\t<div class=\"elementor-column elementor-col-100 elementor-top-column elementor-element elementor-element-640044d\" data-id=\"640044d\" data-element_type=\"column\">\n\t\t\t<div class=\"elementor-widget-wrap elementor-element-populated\">\n\t\t\t\t\t<div class=\"elementor-background-overlay\"><\/div>\n\t\t\t\t\t\t<div class=\"elementor-element elementor-element-e09d031 elementor-widget elementor-widget-heading\" data-id=\"e09d031\" data-element_type=\"widget\" data-widget_type=\"heading.default\">\n\t\t\t\t<div class=\"elementor-widget-container\">\n\t\t\t\t\t<h3 class=\"elementor-heading-title elementor-size-default\">EMPRESA RESPONSABLE<\/h3>\t\t\t\t<\/div>\n\t\t\t\t<\/div>\n\t\t\t\t<div class=\"elementor-element elementor-element-7966530 elementor-widget elementor-widget-heading\" data-id=\"7966530\" data-element_type=\"widget\" data-widget_type=\"heading.default\">\n\t\t\t\t<div class=\"elementor-widget-container\">\n\t\t\t\t\t<h2 class=\"elementor-heading-title elementor-size-default\">Responsabilidade social corporativa<\/h2>\t\t\t\t<\/div>\n\t\t\t\t<\/div>\n\t\t\t\t<div class=\"elementor-element elementor-element-7b0c4a7 elementor-hidden-desktop elementor-hidden-tablet elementor-hidden-mobile elementor-widget-divider--view-line elementor-widget elementor-widget-divider\" data-id=\"7b0c4a7\" data-element_type=\"widget\" data-widget_type=\"divider.default\">\n\t\t\t\t<div class=\"elementor-widget-container\">\n\t\t\t\t\t\t\t<div class=\"elementor-divider\">\n\t\t\t<span class=\"elementor-divider-separator\">\n\t\t\t\t\t\t<\/span>\n\t\t<\/div>\n\t\t\t\t\t\t<\/div>\n\t\t\t\t<\/div>\n\t\t\t\t<div class=\"elementor-element elementor-element-6d415d5 elementor-widget elementor-widget-text-editor\" data-id=\"6d415d5\" data-element_type=\"widget\" data-widget_type=\"text-editor.default\">\n\t\t\t\t<div class=\"elementor-widget-container\">\n\t\t\t\t\t\t\t\t\t<p>Somos unha empresa <strong>comprometida coa nosa contorna econ\u00f3mica e social m\u00e1is directo<\/strong>. Por iso, unha das nosas m\u00e1ximas empresariais \u00e9 investir e xerar impacto positivo local. Desde os nosos inicios, tivemos presente a necesidade de colaborar coa sociedade, por iso \u00e9 polo que colaboramos con m\u00e1is de 1.900 acci\u00f3ns ao ano nos \u00e1mbitos do deporte, a solidariedade, a educaci\u00f3n, a divulgaci\u00f3n e a cultura.<\/p>\n\t\t\t\t\t\t\t\t<\/div>\n\t\t\t\t<\/div>\n\t\t\t\t\t<\/div>\n\t\t<\/div>\n\t\t\t\t\t<\/div>\n\t\t<\/section>\n\t\t\t\t<section class=\"elementor-section elementor-top-section elementor-element elementor-element-992628f elementor-section-boxed elementor-section-height-default elementor-section-height-default\" data-id=\"992628f\" data-element_type=\"section\">\n\t\t\t\t\t\t<div class=\"elementor-container elementor-column-gap-wider\">\n\t\t\t\t\t<div class=\"elementor-column elementor-col-50 elementor-top-column elementor-element elementor-element-da63843\" data-id=\"da63843\" data-element_type=\"column\">\n\t\t\t<div class=\"elementor-widget-wrap elementor-element-populated\">\n\t\t\t\t\t<div class=\"elementor-background-overlay\"><\/div>\n\t\t\t\t\t\t<div class=\"elementor-element elementor-element-346476e elementor-widget elementor-widget-image\" data-id=\"346476e\" data-element_type=\"widget\" data-widget_type=\"image.default\">\n\t\t\t\t<div class=\"elementor-widget-container\">\n\t\t\t\t\t\t\t\t\t\t\t\t\t\t\t<img fetchpriority=\"high\" decoding=\"async\" width=\"1024\" height=\"556\" src=\"https:\/\/froiz.es\/wp-content\/uploads\/2023\/05\/03.jpg\" class=\"attachment-full size-full wp-image-26252\" alt=\"\" srcset=\"https:\/\/froiz.es\/wp-content\/uploads\/2023\/05\/03.jpg 1024w, https:\/\/froiz.es\/wp-content\/uploads\/2023\/05\/03-300x163.jpg 300w, https:\/\/froiz.es\/wp-content\/uploads\/2023\/05\/03-768x417.jpg 768w\" sizes=\"(max-width: 1024px) 100vw, 1024px\" \/>\t\t\t\t\t\t\t\t\t\t\t\t\t\t\t<\/div>\n\t\t\t\t<\/div>\n\t\t\t\t<div class=\"elementor-element elementor-element-b148f45 elementor-widget elementor-widget-heading\" data-id=\"b148f45\" data-element_type=\"widget\" data-widget_type=\"heading.default\">\n\t\t\t\t<div class=\"elementor-widget-container\">\n\t\t\t\t\t<h3 class=\"elementor-heading-title elementor-size-default\">SOLIDARIDADE<\/h3>\t\t\t\t<\/div>\n\t\t\t\t<\/div>\n\t\t\t\t<div class=\"elementor-element elementor-element-57eedbc elementor-widget elementor-widget-text-editor\" data-id=\"57eedbc\" data-element_type=\"widget\" data-widget_type=\"text-editor.default\">\n\t\t\t\t<div class=\"elementor-widget-container\">\n\t\t\t\t\t\t\t\t\t<p>Participamos nas diferentes \u201c<strong>Operaci\u00f3ns Quilo<\/strong>\u201d que organizan os <strong>Bancos de Alimentos<\/strong>, as\u00ed como na \u201c<strong>Gran Recollida<\/strong>\u201d a nivel nacional previa \u00e1 campa\u00f1a de Nadal.<\/p>\n<p><strong>Coa Fundaci\u00f3n Xo\u00e1n XXIII, dedicada \u00e1 integraci\u00f3n socio-laboral de persoas con discapacidade intelectual<\/strong>, colaboramos comercializando produtos que elaboran os usuarios de forma manual, como son as fregonas de algod\u00f3n marca Froiz, e contratando ao seu persoal para realizar diferentes labores de xardiner\u00eda.<\/p>\n<p>A empresa, as\u00ed mesmo, axuda a <strong>distintos comedores sociais<\/strong>, <strong>entidades como C\u00e1ritas<\/strong>, <strong>Unicef<\/strong> ou <strong>Cruz Vermella<\/strong>; e tam\u00e9n aos <strong>Departamentos de Asuntos Sociais<\/strong> de concellos e outras organizaci\u00f3ns e fundaci\u00f3ns.<\/p>\n<p>Coa Cruz Vermella contamos cun programa de colaboraci\u00f3n para a integraci\u00f3n socio-laboral de persoas en procura activa de traballo.<\/p>\n\t\t\t\t\t\t\t\t<\/div>\n\t\t\t\t<\/div>\n\t\t\t\t\t<\/div>\n\t\t<\/div>\n\t\t\t\t<div class=\"elementor-column elementor-col-50 elementor-top-column elementor-element elementor-element-0822bc6\" data-id=\"0822bc6\" data-element_type=\"column\">\n\t\t\t<div class=\"elementor-widget-wrap elementor-element-populated\">\n\t\t\t\t\t<div class=\"elementor-background-overlay\"><\/div>\n\t\t\t\t\t\t<div class=\"elementor-element elementor-element-e6c36ba elementor-widget elementor-widget-image\" data-id=\"e6c36ba\" data-element_type=\"widget\" data-widget_type=\"image.default\">\n\t\t\t\t<div class=\"elementor-widget-container\">\n\t\t\t\t\t\t\t\t\t\t\t\t\t\t\t<img decoding=\"async\" width=\"1024\" height=\"556\" src=\"https:\/\/froiz.es\/wp-content\/uploads\/2023\/05\/05.jpg\" class=\"attachment-full size-full wp-image-26253\" alt=\"\" srcset=\"https:\/\/froiz.es\/wp-content\/uploads\/2023\/05\/05.jpg 1024w, https:\/\/froiz.es\/wp-content\/uploads\/2023\/05\/05-300x163.jpg 300w, https:\/\/froiz.es\/wp-content\/uploads\/2023\/05\/05-768x417.jpg 768w\" sizes=\"(max-width: 1024px) 100vw, 1024px\" \/>\t\t\t\t\t\t\t\t\t\t\t\t\t\t\t<\/div>\n\t\t\t\t<\/div>\n\t\t\t\t<div class=\"elementor-element elementor-element-03ea43d elementor-widget elementor-widget-heading\" data-id=\"03ea43d\" data-element_type=\"widget\" data-widget_type=\"heading.default\">\n\t\t\t\t<div class=\"elementor-widget-container\">\n\t\t\t\t\t<h3 class=\"elementor-heading-title elementor-size-default\">DIVULGACI\u00d3N<\/h3>\t\t\t\t<\/div>\n\t\t\t\t<\/div>\n\t\t\t\t<div class=\"elementor-element elementor-element-308521a elementor-widget elementor-widget-text-editor\" data-id=\"308521a\" data-element_type=\"widget\" data-widget_type=\"text-editor.default\">\n\t\t\t\t<div class=\"elementor-widget-container\">\n\t\t\t\t\t\t\t\t\t<p>Colaboramos con iniciativas que te\u00f1en que ver coa divulgaci\u00f3n de datas sinaladas como son o \u201cD\u00eda da alimentaci\u00f3n\u201d ou o \u201cD\u00eda da nutrici\u00f3n\u201d <strong>doando produtos frescos en centros sanitarios<\/strong>.<\/p>\n<p>Polo #D\u00edanacionaldelcel\u00edaco informamos os nosos clientes dos <strong>produtos de marca Froiz que son sen glute e est\u00e1n auditados por FACE<\/strong> (Federaci\u00f3n de Asociaci\u00f3ns de cel\u00edacos de Espa\u00f1a) e realizamos campa\u00f1as promocionais de produtos sen glute.<\/p>\n<p>Ademais, participamos no proxecto de <strong>\u201chumanizaci\u00f3n\u201d da planta de pediatr\u00eda e a UCI pedi\u00e1trica do Hospital \u00c1lvaro Cunqueiro (Vigo)<\/strong> para convertelos en espazos m\u00e1is amables e acolledores para os m\u00e1is pequenos.<\/p>\n\t\t\t\t\t\t\t\t<\/div>\n\t\t\t\t<\/div>\n\t\t\t\t\t<\/div>\n\t\t<\/div>\n\t\t\t\t\t<\/div>\n\t\t<\/section>\n\t\t\t\t<section class=\"elementor-section elementor-top-section elementor-element elementor-element-29dc5eb elementor-section-boxed elementor-section-height-default elementor-section-height-default\" data-id=\"29dc5eb\" data-element_type=\"section\">\n\t\t\t\t\t\t<div class=\"elementor-container elementor-column-gap-wider\">\n\t\t\t\t\t<div class=\"elementor-column elementor-col-50 elementor-top-column elementor-element elementor-element-e1b0b9e\" data-id=\"e1b0b9e\" data-element_type=\"column\">\n\t\t\t<div class=\"elementor-widget-wrap elementor-element-populated\">\n\t\t\t\t\t<div class=\"elementor-background-overlay\"><\/div>\n\t\t\t\t\t\t<div class=\"elementor-element elementor-element-d37e003 elementor-widget elementor-widget-image\" data-id=\"d37e003\" data-element_type=\"widget\" data-widget_type=\"image.default\">\n\t\t\t\t<div class=\"elementor-widget-container\">\n\t\t\t\t\t\t\t\t\t\t\t\t\t\t\t<img decoding=\"async\" width=\"1024\" height=\"556\" src=\"https:\/\/froiz.es\/wp-content\/uploads\/2023\/05\/cultura.png\" class=\"attachment-full size-full wp-image-26267\" alt=\"\" srcset=\"https:\/\/froiz.es\/wp-content\/uploads\/2023\/05\/cultura.png 1024w, https:\/\/froiz.es\/wp-content\/uploads\/2023\/05\/cultura-300x163.png 300w, https:\/\/froiz.es\/wp-content\/uploads\/2023\/05\/cultura-768x417.png 768w\" sizes=\"(max-width: 1024px) 100vw, 1024px\" \/>\t\t\t\t\t\t\t\t\t\t\t\t\t\t\t<\/div>\n\t\t\t\t<\/div>\n\t\t\t\t<div class=\"elementor-element elementor-element-52a60ac elementor-widget elementor-widget-heading\" data-id=\"52a60ac\" data-element_type=\"widget\" data-widget_type=\"heading.default\">\n\t\t\t\t<div class=\"elementor-widget-container\">\n\t\t\t\t\t<h3 class=\"elementor-heading-title elementor-size-default\">CULTURA<\/h3>\t\t\t\t<\/div>\n\t\t\t\t<\/div>\n\t\t\t\t<div class=\"elementor-element elementor-element-745421e elementor-widget elementor-widget-text-editor\" data-id=\"745421e\" data-element_type=\"widget\" data-widget_type=\"text-editor.default\">\n\t\t\t\t<div class=\"elementor-widget-container\">\n\t\t\t\t\t\t\t\t\t<p>O apoio \u00e1 cultura <strong>material\u00edzase en proxectos culturais de toda \u00edndole<\/strong>. Neste sentido, cabe resaltar que a empresa foi patrocinadora oficial das distintas edici\u00f3ns do evento <strong>Xacobeo<\/strong> Galicia desde que se puxo en marcha no ano 1993, ata a actualidade Xacobeo 21-22.<\/p>\n<p>Tam\u00e9n colaboramos con <strong>produtoras de cinema<\/strong> e <strong>proxectos estudant\u00eds de publicidade<\/strong>, <strong>fotograf\u00eda<\/strong> e <strong>curtametraxes<\/strong>. Ademais da <strong>axuda \u00e1 produci\u00f3n de maquetas<\/strong> de grupos musicais e concertos.<\/p>\n\t\t\t\t\t\t\t\t<\/div>\n\t\t\t\t<\/div>\n\t\t\t\t\t<\/div>\n\t\t<\/div>\n\t\t\t\t<div class=\"elementor-column elementor-col-50 elementor-top-column elementor-element elementor-element-36ebee2\" data-id=\"36ebee2\" data-element_type=\"column\">\n\t\t\t<div class=\"elementor-widget-wrap elementor-element-populated\">\n\t\t\t\t\t<div class=\"elementor-background-overlay\"><\/div>\n\t\t\t\t\t\t<div class=\"elementor-element elementor-element-059f888 elementor-widget elementor-widget-image\" data-id=\"059f888\" data-element_type=\"widget\" data-widget_type=\"image.default\">\n\t\t\t\t<div class=\"elementor-widget-container\">\n\t\t\t\t\t\t\t\t\t\t\t\t\t\t\t<img loading=\"lazy\" decoding=\"async\" width=\"1024\" height=\"556\" src=\"https:\/\/froiz.es\/wp-content\/uploads\/2023\/05\/18.jpg\" class=\"attachment-full size-full wp-image-26254\" alt=\"\" srcset=\"https:\/\/froiz.es\/wp-content\/uploads\/2023\/05\/18.jpg 1024w, https:\/\/froiz.es\/wp-content\/uploads\/2023\/05\/18-300x163.jpg 300w, https:\/\/froiz.es\/wp-content\/uploads\/2023\/05\/18-768x417.jpg 768w\" sizes=\"(max-width: 1024px) 100vw, 1024px\" \/>\t\t\t\t\t\t\t\t\t\t\t\t\t\t\t<\/div>\n\t\t\t\t<\/div>\n\t\t\t\t<div class=\"elementor-element elementor-element-a80e7b3 elementor-widget elementor-widget-heading\" data-id=\"a80e7b3\" data-element_type=\"widget\" data-widget_type=\"heading.default\">\n\t\t\t\t<div class=\"elementor-widget-container\">\n\t\t\t\t\t<h3 class=\"elementor-heading-title elementor-size-default\">EDUCACI\u00d3N<\/h3>\t\t\t\t<\/div>\n\t\t\t\t<\/div>\n\t\t\t\t<div class=\"elementor-element elementor-element-e50e5e9 elementor-widget elementor-widget-text-editor\" data-id=\"e50e5e9\" data-element_type=\"widget\" data-widget_type=\"text-editor.default\">\n\t\t\t\t<div class=\"elementor-widget-container\">\n\t\t\t\t\t\t\t\t\t<p>Promovemos a <strong>visita de colexios aos nosos puntos de venda<\/strong> onde po\u00f1emos en valor o labor dos profesionais Froiz e de toda a cadea de subministraci\u00f3n para que os nosos clientes atopen produto fresco e de calidade, nun bo estado de conservaci\u00f3n.<\/p>\n<p>Tam\u00e9n <strong>colaboramos coas facultades de Veterinaria do Campus de Lugo da USC<\/strong>.<\/p>\n<p>Colaboramos con aquelas iniciativas que te\u00f1en que ver coa divulgaci\u00f3n de datas sinaladas como son o \u201c<strong>D\u00eda da alimentaci\u00f3n<\/strong>\u201d ou o \u201c<strong>D\u00eda da nutrici\u00f3n<\/strong>\u201d doando produtos frescos en centros sanitarios.<\/p>\n\t\t\t\t\t\t\t\t<\/div>\n\t\t\t\t<\/div>\n\t\t\t\t\t<\/div>\n\t\t<\/div>\n\t\t\t\t\t<\/div>\n\t\t<\/section>\n\t\t\t\t<section class=\"elementor-section elementor-top-section elementor-element elementor-element-2adfcdb elementor-section-boxed elementor-section-height-default elementor-section-height-default\" data-id=\"2adfcdb\" data-element_type=\"section\">\n\t\t\t\t\t\t<div class=\"elementor-container elementor-column-gap-default\">\n\t\t\t\t\t<div class=\"elementor-column elementor-col-50 elementor-top-column elementor-element elementor-element-a301d05\" data-id=\"a301d05\" data-element_type=\"column\">\n\t\t\t<div class=\"elementor-widget-wrap elementor-element-populated\">\n\t\t\t\t\t<div class=\"elementor-background-overlay\"><\/div>\n\t\t\t\t\t\t<div class=\"elementor-element elementor-element-2770c0c elementor-widget elementor-widget-image\" data-id=\"2770c0c\" data-element_type=\"widget\" data-widget_type=\"image.default\">\n\t\t\t\t<div class=\"elementor-widget-container\">\n\t\t\t\t\t\t\t\t\t\t\t\t\t\t\t<img loading=\"lazy\" decoding=\"async\" width=\"1024\" height=\"556\" src=\"https:\/\/froiz.es\/wp-content\/uploads\/2023\/05\/02.jpg\" class=\"attachment-full size-full wp-image-26255\" alt=\"\" srcset=\"https:\/\/froiz.es\/wp-content\/uploads\/2023\/05\/02.jpg 1024w, https:\/\/froiz.es\/wp-content\/uploads\/2023\/05\/02-300x163.jpg 300w, https:\/\/froiz.es\/wp-content\/uploads\/2023\/05\/02-768x417.jpg 768w\" sizes=\"(max-width: 1024px) 100vw, 1024px\" \/>\t\t\t\t\t\t\t\t\t\t\t\t\t\t\t<\/div>\n\t\t\t\t<\/div>\n\t\t\t\t<div class=\"elementor-element elementor-element-c902dc9 elementor-widget elementor-widget-heading\" data-id=\"c902dc9\" data-element_type=\"widget\" data-widget_type=\"heading.default\">\n\t\t\t\t<div class=\"elementor-widget-container\">\n\t\t\t\t\t<h3 class=\"elementor-heading-title elementor-size-default\">DEPORTE<\/h3>\t\t\t\t<\/div>\n\t\t\t\t<\/div>\n\t\t\t\t<div class=\"elementor-element elementor-element-b54478b elementor-widget elementor-widget-text-editor\" data-id=\"b54478b\" data-element_type=\"widget\" data-widget_type=\"text-editor.default\">\n\t\t\t\t<div class=\"elementor-widget-container\">\n\t\t\t\t\t\t\t\t\t<p>En Froiz <strong>cremos nos valores do deporte<\/strong> como o traballo en equipo, a deportividade, a constancia, levar unha alimentaci\u00f3n saudable\u2026<\/p>\n<p>Desde sempre <strong>apoiamos o deporte base e amateur<\/strong> coa colaboraci\u00f3n con distintas entidades deportivas e eventos que se organizan naquelas zonas onde hai presenza Froiz, como <strong>voltas ciclistas, medias marat\u00f3ns, e outras disciplinas<\/strong> como f\u00fatbol, baloncesto, tenis, #ver, atletismo, p\u00e1del, nataci\u00f3n etc.<\/p>\n<p>Desde a d\u00e9cada dos anos 80, <strong>a empresa conta cun equipo de ciclismo amateur: Grupo Deportivo Super Froiz<\/strong>, que \u00e9 canteira de novas promesas do ciclismo espa\u00f1ol nas categor\u00edas Elite e Sub-23. O equipo liderou a clasificaci\u00f3n nacional por equipos durante 7 anos consecutivos e somos a marca comercial m\u00e1is lonxeva no apoio -de maneira ininterrompida- a un equipo de ciclismo afeccionado.<\/p>\n\t\t\t\t\t\t\t\t<\/div>\n\t\t\t\t<\/div>\n\t\t\t\t\t<\/div>\n\t\t<\/div>\n\t\t\t\t<div class=\"elementor-column elementor-col-50 elementor-top-column elementor-element elementor-element-91f9627\" data-id=\"91f9627\" data-element_type=\"column\">\n\t\t\t<div class=\"elementor-widget-wrap elementor-element-populated\">\n\t\t\t\t\t<div class=\"elementor-background-overlay\"><\/div>\n\t\t\t\t\t\t<div class=\"elementor-element elementor-element-0be638d elementor-widget elementor-widget-image\" data-id=\"0be638d\" data-element_type=\"widget\" data-widget_type=\"image.default\">\n\t\t\t\t<div class=\"elementor-widget-container\">\n\t\t\t\t\t\t\t\t\t\t\t\t\t\t\t<img loading=\"lazy\" decoding=\"async\" width=\"1024\" height=\"556\" src=\"https:\/\/froiz.es\/wp-content\/uploads\/2023\/05\/01.jpg\" class=\"attachment-full size-full wp-image-26256\" alt=\"\" srcset=\"https:\/\/froiz.es\/wp-content\/uploads\/2023\/05\/01.jpg 1024w, https:\/\/froiz.es\/wp-content\/uploads\/2023\/05\/01-300x163.jpg 300w, https:\/\/froiz.es\/wp-content\/uploads\/2023\/05\/01-768x417.jpg 768w\" sizes=\"(max-width: 1024px) 100vw, 1024px\" \/>\t\t\t\t\t\t\t\t\t\t\t\t\t\t\t<\/div>\n\t\t\t\t<\/div>\n\t\t\t\t<div class=\"elementor-element elementor-element-a889266 elementor-widget elementor-widget-heading\" data-id=\"a889266\" data-element_type=\"widget\" data-widget_type=\"heading.default\">\n\t\t\t\t<div class=\"elementor-widget-container\">\n\t\t\t\t\t<h3 class=\"elementor-heading-title elementor-size-default\">EQUIPO CICLISTA FROIZ<\/h3>\t\t\t\t<\/div>\n\t\t\t\t<\/div>\n\t\t\t\t<div class=\"elementor-element elementor-element-01534f4 elementor-widget elementor-widget-text-editor\" data-id=\"01534f4\" data-element_type=\"widget\" data-widget_type=\"text-editor.default\">\n\t\t\t\t<div class=\"elementor-widget-container\">\n\t\t\t\t\t\t\t\t\t<p>Desde a d\u00e9cada dos anos 80, a empresa conta cun equipo de ciclismo amateur: <strong>Grupo Deportivo Super Froiz, que \u00e9 canteira de novas promesas do ciclismo espa\u00f1ol nas categor\u00edas Elite e Sub-23<\/strong>. O equipo liderou a clasificaci\u00f3n nacional por equipos durante 7 anos consecutivos e somos a marca comercial m\u00e1is lonxeva no apoio -de maneira ininterrompida- a un equipo de ciclismo afeccionado.<\/p>\n<p><strong>Desde o ano 2021, contamos con dous equipos<\/strong>: un de estrada e outro de ciclocr\u00f3s, este \u00faltimo formado por mozos e mozas amantes deste deporte.<\/p>\n<p><a href=\"http:\/\/www.equiposuperfroiz.com\/\" target=\"_blank\" rel=\"noopener\">www.equiposuperfroiz.com<\/a><\/p>\n\t\t\t\t\t\t\t\t<\/div>\n\t\t\t\t<\/div>\n\t\t\t\t\t<\/div>\n\t\t<\/div>\n\t\t\t\t\t<\/div>\n\t\t<\/section>\n\t\t\t\t<\/div>\n\t\t","protected":false},"excerpt":{"rendered":"<p>EMPRESA RESPONSABLE Responsabilidade social corporativa Somos unha empresa comprometida coa nosa contorna econ\u00f3mica e social m\u00e1is directo. Por iso, unha das nosas m\u00e1ximas empresariais \u00e9 investir e xerar impacto positivo local. Desde os nosos inicios, tivemos presente a necesidade de colaborar coa sociedade, por iso \u00e9 polo que colaboramos con m\u00e1is de 1.900 acci\u00f3ns ao [&hellip;]<\/p>\n","protected":false},"author":1,"featured_media":0,"parent":0,"menu_order":0,"comment_status":"closed","ping_status":"closed","template":"","meta":{"_acf_changed":false,"footnotes":""},"class_list":["post-27112","page","type-page","status-publish","hentry"],"acf":[],"publishpress_future_workflow_manual_trigger":{"enabledWorkflows":[]},"_links":{"self":[{"href":"https:\/\/froiz.es\/gl\/wp-json\/wp\/v2\/pages\/27112","targetHints":{"allow":["GET"]}}],"collection":[{"href":"https:\/\/froiz.es\/gl\/wp-json\/wp\/v2\/pages"}],"about":[{"href":"https:\/\/froiz.es\/gl\/wp-json\/wp\/v2\/types\/page"}],"author":[{"embeddable":true,"href":"https:\/\/froiz.es\/gl\/wp-json\/wp\/v2\/users\/1"}],"replies":[{"embeddable":true,"href":"https:\/\/froiz.es\/gl\/wp-json\/wp\/v2\/comments?post=27112"}],"version-history":[{"count":0,"href":"https:\/\/froiz.es\/gl\/wp-json\/wp\/v2\/pages\/27112\/revisions"}],"wp:attachment":[{"href":"https:\/\/froiz.es\/gl\/wp-json\/wp\/v2\/media?parent=27112"}],"curies":[{"name":"wp","href":"https:\/\/api.w.org\/{rel}","templated":true}]}}